{"id":1040,"date":"2016-03-30T13:31:45","date_gmt":"2016-03-30T12:31:45","guid":{"rendered":"http:\/\/www.lineaclave.org\/wordpress\/?page_id=1040"},"modified":"2016-03-31T11:04:28","modified_gmt":"2016-03-31T10:04:28","slug":"cdp-mallorca-2009-son-rullan","status":"publish","type":"page","link":"http:\/\/www.lineaclave.org\/web\/cdp-mallorca-2009-son-rullan\/","title":{"rendered":"CDP Mallorca 2009 Son Rullan"},"content":{"rendered":"<div><strong>Curso Dise\u00f1o de Permacultura impartido por Darren Doherty en Agosto de 2009 en Mallorca, <\/strong><strong>Dei\u00e0<\/strong><strong> (Finca: Son Rul\u00b7lan)<br \/>\n<\/strong><\/div>\n<p>Este material fue cedido por Darren Doherty para nuestro uso personal y difusi\u00f3n si as\u00ed lo dese\u00e1bamos.<\/p>\n<p>Espero que lo valor\u00e9is y disfrut\u00e9is<\/p>\n<p>Agrecimientos a:<\/p>\n<ul>\n<li>Hugo Ribeiro que hizo todo el trabajo de grabaci\u00f3n de video pacientemente durante las dos semanas que dur\u00f3 el PDC.<\/li>\n<li>La Finca de Son Rul\u00b7lan y su equipo que nos acogieron con entusiasmo.<\/li>\n<li>A Ana Dig\u00f3n, la traductora por el paliz\u00f3n que supone traducci\u00f3n fulltime sin descanso durante dos semanas.<\/li>\n<li>A Antonio Scotti que siempre estuvo apoyando, bien en la organizaci\u00f3n o bien en la traducci\u00f3n.<\/li>\n<li>y claro&#8230; a Darren Doherty que siempre comparte sus conocimientos y lo hace con una energ\u00eda casi inagotable (creo que el secreto est\u00e1 en sus chistes que le recargan las pilas de vez en cuando \ud83d\ude1b )<\/li>\n<\/ul>\n\r\n    <div id=\"amazingslider-wrapper-12\" style=\"display:block;position:relative;max-width:900px;padding-left:0px; padding-right:244px;margin:0px auto 0px;\">\r\n        <div id=\"amazingslider-12\" style=\"display:block;position:relative;margin:0 auto;\">\r\n            <ul class=\"amazingslider-slides\" style=\"display:none;\">\r\n                <li><img decoding=\"async\" src=\"http:\/\/www.lineaclave.org\/wordpress\/wp-content\/uploads\/amazingslider\/12\/images\/jJBL3uwlhZQ.jpg\" alt=\"Dia 1.A\"  title=\"Dia 1.A\" \/>\r\n                <video preload=\"none\" src=\"http:\/\/www.youtube.com\/embed\/jJBL3uwlhZQ?v=jJBL3uwlhZQ\" ><\/video>\r\n                <\/li>\r\n                <li><img data-src=\"http:\/\/www.lineaclave.org\/wordpress\/wp-content\/uploads\/amazingslider\/12\/images\/9Bs67nJd2xI.jpg\" alt=\"D\u00eda 1.B\"  title=\"D\u00eda 1.B\" \/>\r\n                <video preload=\"none\" src=\"http:\/\/www.youtube.com\/embed\/9Bs67nJd2xI?v=9Bs67nJd2xI\" ><\/video>\r\n                <\/li>\r\n                <li><img data-src=\"http:\/\/www.lineaclave.org\/wordpress\/wp-content\/uploads\/amazingslider\/12\/images\/P5Yod5QCfgY.jpg\" alt=\"Jean Pain I\"  title=\"Jean Pain I\" \/>\r\n                <video preload=\"none\" src=\"http:\/\/www.youtube.com\/embed\/P5Yod5QCfgY?v=P5Yod5QCfgY\" ><\/video>\r\n                <\/li>\r\n                <li><img data-src=\"http:\/\/www.lineaclave.org\/wordpress\/wp-content\/uploads\/amazingslider\/12\/images\/romJbbxNxvE.jpg\" alt=\"Jean Pain II\"  title=\"Jean Pain II\" \/>\r\n                <video preload=\"none\" src=\"http:\/\/www.youtube.com\/embed\/romJbbxNxvE?v=romJbbxNxvE\" ><\/video>\r\n                <\/li>\r\n                <li><img data-src=\"http:\/\/www.lineaclave.org\/wordpress\/wp-content\/uploads\/amazingslider\/12\/images\/-mDMPg5zVTU.jpg\" alt=\"Ducha de Compost\"  title=\"Ducha de Compost\" \/>\r\n                <video preload=\"none\" src=\"http:\/\/www.youtube.com\/embed\/-mDMPg5zVTU?v=-mDMPg5zVTU\" ><\/video>\r\n                <\/li>\r\n                <li><img data-src=\"http:\/\/www.lineaclave.org\/wordpress\/wp-content\/uploads\/amazingslider\/12\/images\/0ZQ99Y7Ou4I.jpg\" alt=\"Te\u00f3rico Pr\u00e1ctico de Compostaje\"  title=\"Te\u00f3rico Pr\u00e1ctico de Compostaje\" \/>\r\n                <video preload=\"none\" src=\"http:\/\/www.youtube.com\/embed\/0ZQ99Y7Ou4I?v=0ZQ99Y7Ou4I\" ><\/video>\r\n                <\/li>\r\n                <li><img data-src=\"http:\/\/www.lineaclave.org\/wordpress\/wp-content\/uploads\/amazingslider\/12\/images\/6AJA-Stv3m8.jpg\" alt=\"C\u00f3mo funciona el compost\"  title=\"C\u00f3mo funciona el compost\" \/>\r\n                <video preload=\"none\" src=\"http:\/\/www.youtube.com\/embed\/6AJA-Stv3m8?v=6AJA-Stv3m8\" ><\/video>\r\n                <\/li>\r\n                <li><img data-src=\"http:\/\/www.lineaclave.org\/wordpress\/wp-content\/uploads\/amazingslider\/12\/images\/fH_XgpIZqJs.jpg\" alt=\"Compostaje\"  title=\"Compostaje\" \/>\r\n                <video preload=\"none\" src=\"http:\/\/www.youtube.com\/embed\/fH_XgpIZqJs?v=fH_XgpIZqJs\" ><\/video>\r\n                <\/li>\r\n                <li><img data-src=\"http:\/\/www.lineaclave.org\/wordpress\/wp-content\/uploads\/amazingslider\/12\/images\/6AJA-Stv3m8.jpg\" alt=\"Como funciona el compost\"  title=\"Como funciona el compost\" \/>\r\n                <video preload=\"none\" src=\"http:\/\/www.youtube.com\/embed\/6AJA-Stv3m8?v=6AJA-Stv3m8\" ><\/video>\r\n                <\/li>\r\n                <li><img data-src=\"http:\/\/www.lineaclave.org\/wordpress\/wp-content\/uploads\/amazingslider\/12\/images\/VZMdQI62Fbs.jpg\" alt=\"Comprendiendo en paisaje\"  title=\"Comprendiendo en paisaje\" \/>\r\n                <video preload=\"none\" src=\"http:\/\/www.youtube.com\/embed\/VZMdQI62Fbs?v=VZMdQI62Fbs\" ><\/video>\r\n                <\/li>\r\n                <li><img data-src=\"http:\/\/www.lineaclave.org\/wordpress\/wp-content\/uploads\/amazingslider\/12\/images\/AyOfcDYt3uY.jpg\" alt=\"Toma de decisiones y lectura de mapas\"  title=\"Toma de decisiones y lectura de mapas\" \/>\r\n                <video preload=\"none\" src=\"http:\/\/www.youtube.com\/embed\/AyOfcDYt3uY?v=AyOfcDYt3uY\" ><\/video>\r\n                <\/li>\r\n                <li><img data-src=\"http:\/\/www.lineaclave.org\/wordpress\/wp-content\/uploads\/amazingslider\/12\/images\/Hqm7rf-0M04.jpg\" alt=\"Herramientas Apropiadas\"  title=\"Herramientas Apropiadas\" \/>\r\n                <video preload=\"none\" src=\"http:\/\/www.youtube.com\/embed\/Hqm7rf-0M04?v=Hqm7rf-0M04\" ><\/video>\r\n                <\/li>\r\n            <\/ul>\r\n            <ul class=\"amazingslider-thumbnails\" style=\"display:none;\">\r\n                <li><img decoding=\"async\" src=\"http:\/\/www.lineaclave.org\/wordpress\/wp-content\/uploads\/amazingslider\/12\/images\/thumbnails\/jJBL3uwlhZQ-tn.jpg\" alt=\"Dia 1.A\" title=\"Dia 1.A\" \/><\/li>\r\n                <li><img decoding=\"async\" src=\"http:\/\/www.lineaclave.org\/wordpress\/wp-content\/uploads\/amazingslider\/12\/images\/thumbnails\/9Bs67nJd2xI-tn.jpg\" alt=\"D\u00eda 1.B\" title=\"D\u00eda 1.B\" \/><\/li>\r\n                <li><img decoding=\"async\" src=\"http:\/\/www.lineaclave.org\/wordpress\/wp-content\/uploads\/amazingslider\/12\/images\/thumbnails\/P5Yod5QCfgY-tn.jpg\" alt=\"Jean Pain I\" title=\"Jean Pain I\" \/><\/li>\r\n                <li><img decoding=\"async\" src=\"http:\/\/www.lineaclave.org\/wordpress\/wp-content\/uploads\/amazingslider\/12\/images\/thumbnails\/romJbbxNxvE-tn.jpg\" alt=\"Jean Pain II\" title=\"Jean Pain II\" \/><\/li>\r\n                <li><img decoding=\"async\" src=\"http:\/\/www.lineaclave.org\/wordpress\/wp-content\/uploads\/amazingslider\/12\/images\/thumbnails\/-mDMPg5zVTU-tn.jpg\" alt=\"Ducha de Compost\" title=\"Ducha de Compost\" \/><\/li>\r\n                <li><img decoding=\"async\" src=\"http:\/\/www.lineaclave.org\/wordpress\/wp-content\/uploads\/amazingslider\/12\/images\/thumbnails\/0ZQ99Y7Ou4I-tn.jpg\" alt=\"Te\u00f3rico Pr\u00e1ctico de Compostaje\" title=\"Te\u00f3rico Pr\u00e1ctico de Compostaje\" \/><\/li>\r\n                <li><img decoding=\"async\" src=\"http:\/\/www.lineaclave.org\/wordpress\/wp-content\/uploads\/amazingslider\/12\/images\/thumbnails\/6AJA-Stv3m8-tn.jpg\" alt=\"C\u00f3mo funciona el compost\" title=\"C\u00f3mo funciona el compost\" \/><\/li>\r\n                <li><img decoding=\"async\" src=\"http:\/\/www.lineaclave.org\/wordpress\/wp-content\/uploads\/amazingslider\/12\/images\/thumbnails\/fH_XgpIZqJs-tn.jpg\" alt=\"Compostaje\" title=\"Compostaje\" \/><\/li>\r\n                <li><img decoding=\"async\" src=\"http:\/\/www.lineaclave.org\/wordpress\/wp-content\/uploads\/amazingslider\/12\/images\/thumbnails\/6AJA-Stv3m8-tn.jpg\" alt=\"Como funciona el compost\" title=\"Como funciona el compost\" \/><\/li>\r\n                <li><img decoding=\"async\" src=\"http:\/\/www.lineaclave.org\/wordpress\/wp-content\/uploads\/amazingslider\/12\/images\/thumbnails\/VZMdQI62Fbs-tn.jpg\" alt=\"Comprendiendo en paisaje\" title=\"Comprendiendo en paisaje\" \/><\/li>\r\n                <li><img decoding=\"async\" src=\"http:\/\/www.lineaclave.org\/wordpress\/wp-content\/uploads\/amazingslider\/12\/images\/thumbnails\/AyOfcDYt3uY-tn.jpg\" alt=\"Toma de decisiones y lectura de mapas\" title=\"Toma de decisiones y lectura de mapas\" \/><\/li>\r\n                <li><img decoding=\"async\" src=\"http:\/\/www.lineaclave.org\/wordpress\/wp-content\/uploads\/amazingslider\/12\/images\/thumbnails\/Hqm7rf-0M04-tn.jpg\" alt=\"Herramientas Apropiadas\" title=\"Herramientas Apropiadas\" \/><\/li>\r\n            <\/ul>\r\n        <\/div>\r\n    <\/div>\r\n    <link rel=\"stylesheet\" type=\"text\/css\" href=\"http:\/\/www.lineaclave.org\/web\/wp-content\/uploads\/amazingslider\/12\/sliderengine\/amazingslider.css\">\n<script src=\"http:\/\/www.lineaclave.org\/web\/wp-content\/uploads\/amazingslider\/12\/sliderengine\/initslider.js\"><\/script>\n\n<p><img loading=\"lazy\" decoding=\"async\" class=\"aligncenter size-full wp-image-1041\" src=\"http:\/\/www.lineaclave.org\/wordpress\/wp-content\/uploads\/2016\/03\/PDC_Mallorca.jpg\" alt=\"PDC_Mallorca\" width=\"790\" height=\"1091\" srcset=\"http:\/\/www.lineaclave.org\/web\/wp-content\/uploads\/2016\/03\/PDC_Mallorca.jpg 790w, http:\/\/www.lineaclave.org\/web\/wp-content\/uploads\/2016\/03\/PDC_Mallorca-217x300.jpg 217w, http:\/\/www.lineaclave.org\/web\/wp-content\/uploads\/2016\/03\/PDC_Mallorca-741x1024.jpg 741w\" sizes=\"auto, (max-width: 790px) 100vw, 790px\" \/><\/p>\n","protected":false},"excerpt":{"rendered":"<p>Curso Dise\u00f1o de Permacultura impartido por Darren Doherty en Agosto de 2009 en Mallorca, Dei\u00e0 (Finca: Son Rul\u00b7lan) Este material fue cedido por Darren Doherty para nuestro uso personal y [&hellip;]<\/p>\n","protected":false},"author":1,"featured_media":0,"parent":0,"menu_order":0,"comment_status":"closed","ping_status":"closed","template":"","meta":{"footnotes":""},"class_list":["post-1040","page","type-page","status-publish","czr-hentry"],"_links":{"self":[{"href":"http:\/\/www.lineaclave.org\/web\/wp-json\/wp\/v2\/pages\/1040","targetHints":{"allow":["GET"]}}],"collection":[{"href":"http:\/\/www.lineaclave.org\/web\/wp-json\/wp\/v2\/pages"}],"about":[{"href":"http:\/\/www.lineaclave.org\/web\/wp-json\/wp\/v2\/types\/page"}],"author":[{"embeddable":true,"href":"http:\/\/www.lineaclave.org\/web\/wp-json\/wp\/v2\/users\/1"}],"replies":[{"embeddable":true,"href":"http:\/\/www.lineaclave.org\/web\/wp-json\/wp\/v2\/comments?post=1040"}],"version-history":[{"count":2,"href":"http:\/\/www.lineaclave.org\/web\/wp-json\/wp\/v2\/pages\/1040\/revisions"}],"predecessor-version":[{"id":1212,"href":"http:\/\/www.lineaclave.org\/web\/wp-json\/wp\/v2\/pages\/1040\/revisions\/1212"}],"wp:attachment":[{"href":"http:\/\/www.lineaclave.org\/web\/wp-json\/wp\/v2\/media?parent=1040"}],"curies":[{"name":"wp","href":"https:\/\/api.w.org\/{rel}","templated":true}]}}