{"id":1052,"date":"2016-03-30T14:09:44","date_gmt":"2016-03-30T13:09:44","guid":{"rendered":"http:\/\/www.lineaclave.org\/wordpress\/?page_id=1052"},"modified":"2016-04-05T09:37:17","modified_gmt":"2016-04-05T08:37:17","slug":"asociacion-de-plantas","status":"publish","type":"page","link":"http:\/\/www.lineaclave.org\/web\/asociacion-de-plantas\/","title":{"rendered":"Asociaci\u00f3n de plantas"},"content":{"rendered":"<p><strong>Asociaci\u00f3n visual de plantas hort\u00edcolas ( y algunas arom\u00e1ticas) entre s\u00ed:<\/strong><\/p>\n<p>LAS ASOCIACIONES DE CULTIVOS.<\/p>\n<div id=\"_mcePaste\" style=\"position: absolute; left: -10000px; top: 0px; width: 1px; height: 1px; overflow: hidden;\">Tambi\u00e9n llamados cultivos mezclados, acompa\u00f1antes,<\/div>\n<div id=\"_mcePaste\" style=\"position: absolute; left: -10000px; top: 0px; width: 1px; height: 1px; overflow: hidden;\">intercalados o m\u00faltiples, consiste en hacer coincidir en<\/div>\n<div id=\"_mcePaste\" style=\"position: absolute; left: -10000px; top: 0px; width: 1px; height: 1px; overflow: hidden;\">el espacio y tiempo m\u00e1s de un cultivo<\/div>\n<div id=\"_mcePaste\" style=\"position: absolute; left: -10000px; top: 0px; width: 1px; height: 1px; overflow: hidden;\">\u2022Tanto las rotaciones como las asociaciones basan sus<\/div>\n<div id=\"_mcePaste\" style=\"position: absolute; left: -10000px; top: 0px; width: 1px; height: 1px; overflow: hidden;\">efectos, entre otras causas, en fen\u00f3menos de alelopat\u00eda,<\/div>\n<div id=\"_mcePaste\" style=\"position: absolute; left: -10000px; top: 0px; width: 1px; height: 1px; overflow: hidden;\">que hace referencia a las interrelaciones generales<\/div>\n<div id=\"_mcePaste\" style=\"position: absolute; left: -10000px; top: 0px; width: 1px; height: 1px; overflow: hidden;\">existentes entre plantas, por la que cada especie<\/div>\n<div id=\"_mcePaste\" style=\"position: absolute; left: -10000px; top: 0px; width: 1px; height: 1px; overflow: hidden;\">establece alg\u00fan tipo de relaci\u00f3n con sus vecinos<\/div>\n<p>Tambi\u00e9n llamados cultivos mezclados, acompa\u00f1antes,intercalados o m\u00faltiples, consiste en hacer coincidir enel espacio y tiempo m\u00e1s de un cultivo<\/p>\n<p>\u2022Tanto las rotaciones como las asociaciones basan sus efectos, entre otras causas, en fen\u00f3menos de alelopat\u00eda,que hace referencia a las interrelaciones generales existentes entre plantas, por la que cada especie establece alg\u00fan tipo de relaci\u00f3n con sus vecinos<\/p>\n<p>Los modos por los que se producen los fen\u00f3menos de alelopat\u00eda parecen ser:<\/p>\n<p>&nbsp;<\/p>\n<p>&#8211; exudados radiculares.<\/p>\n<p>&#8211; lavado foliar por lluvia, niebla o roc\u00edo.<\/p>\n<p>&#8211; descomposici\u00f3n de restos.<\/p>\n<p>&#8211; volatilizaci\u00f3n de compuestos.<\/p>\n<p>&#8211; liberaci\u00f3n de sustancias a trav\u00e9s de semillas y frutos.<\/p>\n<p>&#8211; proyecci\u00f3n de sombra.<\/p>\n<p>&nbsp;<\/p>\n<p><strong>Ventajas de las asociaciones de cultivos:<\/strong><\/p>\n<p>&#8211; Producciones mayores por unidad de superficie cultivada. Se mide por la Relaci\u00f3n Equivalente de Suelo, (RES)<\/p>\n<p>&#8211; Uso m\u00e1s efectivo de los recursos<\/p>\n<p>&#8211; Ventajas sanitarias<\/p>\n<p>&#8211; Seguridad econ\u00f3mica<\/p>\n<p>&#8211;<strong>Inconvenientes<\/strong><\/p>\n<p>&#8211; Abundante mano de obra<\/p>\n<p>&#8211; Limita o impide la mecanizaci\u00f3n de las tareas,<\/p>\n<p>&#8211; Exige una planificaci\u00f3n adecuada<\/p>\n<p>&#8211; Dif\u00edcil aplicaci\u00f3n fuera de superficies peque\u00f1as.<\/p>\n<p>&nbsp;<\/p>\n<p>\u2022 Relaci\u00f3n Equivalente de Suelo, (RES), que calcula la superficie de monocultivo de cada especie de las asociadas que se necesita para obtener la misma producci\u00f3n de una hect\u00e1rea de asociado. Una buena asociaci\u00f3n da valores mayores de la unidad, una mala asociaci\u00f3n da valores inferiores, con lo cual es preferible separar estos cultivos.<\/p>\n<p>\u2022 Algunas referencias sudamericanas nos dan:<\/p>\n<p>\u2022 &#8211; Mijo\/cacahuete&#8230;&#8230;&#8230;&#8230;&#8230;&#8230;&#8230;&#8230;1,26<\/p>\n<p>\u2022 &#8211; Ma\u00edz\/jud\u00eda&#8230;&#8230;&#8230;&#8230;&#8230;&#8230;&#8230;&#8230;&#8230;&#8230;.1,38<\/p>\n<p>\u2022 &#8211; Mijo\/sorgo&#8230;&#8230;&#8230;&#8230;&#8230;&#8230;&#8230;&#8230;&#8230;&#8230;.1,53<\/p>\n<p>\u2022 &#8211; Ma\u00edz boniato&#8230;&#8230;&#8230;&#8230;&#8230;&#8230;&#8230;&#8230;&#8230;.2.30<\/p>\n<p>\u2022 &#8211; Ma\u00edz\/jud\u00eda\/mandioca&#8230;&#8230;&#8230;&#8230;&#8230;.3,21<\/p>\n<p>&nbsp;<\/p>\n<p><em>Para poder usar el siguiente documento pulsa zoom + y &#8211; y arrastre con el rat\u00f3n.<\/em><\/p>\n<p>&nbsp;<\/p>\n<p><a title=\"Asociaci\u00f3n visual de plantas\" href=\"http:\/\/www.lineaclave.org\/web\/wp-content\/uploads\/freemind\/asociacionesplantas nuevo.html\" target=\"_blank\">Pulsa aqu\u00ed si lo deseas ver en una nueva ventana<\/a><\/p>\n<p><a href=\"http:\/\/www.lineaclave.org\/web\/wp-content\/uploads\/freemind\/asociacionesplantas nuevo.html\"><img loading=\"lazy\" decoding=\"async\" class=\"aligncenter wp-image-1053 size-full\" src=\"http:\/\/www.lineaclave.org\/web\/wp-content\/uploads\/2016\/03\/asoc_visual.jpg\" alt=\"asoc_visual\" width=\"503\" height=\"952\" srcset=\"http:\/\/www.lineaclave.org\/web\/wp-content\/uploads\/2016\/03\/asoc_visual.jpg 503w, http:\/\/www.lineaclave.org\/web\/wp-content\/uploads\/2016\/03\/asoc_visual-159x300.jpg 159w\" sizes=\"auto, (max-width: 503px) 100vw, 503px\" \/><\/a><\/p>\n","protected":false},"excerpt":{"rendered":"<p>Asociaci\u00f3n visual de plantas hort\u00edcolas ( y algunas arom\u00e1ticas) entre s\u00ed: LAS ASOCIACIONES DE CULTIVOS. Tambi\u00e9n llamados cultivos mezclados, acompa\u00f1antes, intercalados o m\u00faltiples, consiste en hacer coincidir en el espacio [&hellip;]<\/p>\n","protected":false},"author":1,"featured_media":0,"parent":0,"menu_order":0,"comment_status":"closed","ping_status":"closed","template":"","meta":{"footnotes":""},"class_list":["post-1052","page","type-page","status-publish","czr-hentry"],"_links":{"self":[{"href":"http:\/\/www.lineaclave.org\/web\/wp-json\/wp\/v2\/pages\/1052","targetHints":{"allow":["GET"]}}],"collection":[{"href":"http:\/\/www.lineaclave.org\/web\/wp-json\/wp\/v2\/pages"}],"about":[{"href":"http:\/\/www.lineaclave.org\/web\/wp-json\/wp\/v2\/types\/page"}],"author":[{"embeddable":true,"href":"http:\/\/www.lineaclave.org\/web\/wp-json\/wp\/v2\/users\/1"}],"replies":[{"embeddable":true,"href":"http:\/\/www.lineaclave.org\/web\/wp-json\/wp\/v2\/comments?post=1052"}],"version-history":[{"count":3,"href":"http:\/\/www.lineaclave.org\/web\/wp-json\/wp\/v2\/pages\/1052\/revisions"}],"predecessor-version":[{"id":1298,"href":"http:\/\/www.lineaclave.org\/web\/wp-json\/wp\/v2\/pages\/1052\/revisions\/1298"}],"wp:attachment":[{"href":"http:\/\/www.lineaclave.org\/web\/wp-json\/wp\/v2\/media?parent=1052"}],"curies":[{"name":"wp","href":"https:\/\/api.w.org\/{rel}","templated":true}]}}