{"id":1057,"date":"2016-03-30T14:49:42","date_gmt":"2016-03-30T13:49:42","guid":{"rendered":"http:\/\/www.lineaclave.org\/wordpress\/?page_id=1057"},"modified":"2016-04-12T08:54:19","modified_gmt":"2016-04-12T07:54:19","slug":"sembradora-de-nendo-dango-o-bellotas","status":"publish","type":"page","link":"http:\/\/www.lineaclave.org\/web\/sembradora-de-nendo-dango-o-bellotas\/","title":{"rendered":"Sembradora de nendo dango o bellotas"},"content":{"rendered":"<p><strong>Sembradora de Nendo dango<\/strong><\/p>\n<table style=\"width: 300px;\" border=\"0\" align=\"right\">\n<tbody>\n<tr>\n<td>\n<div align=\"center\"><img loading=\"lazy\" decoding=\"async\" class=\"alignleft wp-image-1058 size-full\" src=\"http:\/\/www.lineaclave.org\/web\/wp-content\/uploads\/2016\/03\/sembradora.jpg\" alt=\"sembradora\" width=\"500\" height=\"923\" srcset=\"http:\/\/www.lineaclave.org\/web\/wp-content\/uploads\/2016\/03\/sembradora.jpg 500w, http:\/\/www.lineaclave.org\/web\/wp-content\/uploads\/2016\/03\/sembradora-163x300.jpg 163w\" sizes=\"auto, (max-width: 500px) 100vw, 500px\" \/><\/div>\n<\/td>\n<\/tr>\n<tr>\n<td>\n<div align=\"center\">Imagen general de la sembradora<\/div>\n<\/td>\n<\/tr>\n<\/tbody>\n<\/table>\n<p>Os presento una sembradora funcional que he dise\u00f1ado inspir\u00e1ndome en otros dise\u00f1os de plantadoras de \u00e1rboles y hort\u00edcolas<\/p>\n<p>Dado que considero que las nendo dango en forma de bolitas si las esparcimos sobre la superficie no terminan de funcionar bien:<\/p>\n<ul>\n<li>Por el r\u00e9gimen de lluvias mediterr\u00e1neo tan temporal y tan brusco.<\/li>\n<li>Por la alta temperatura que alcanza la semilla &gt; 40\u00baC dentro de la nendo dango en la interperie que hace que pierda su vigor r\u00e1pidamente.<\/li>\n<li>Por el poco contacto de la bola con la superficie.<\/li>\n<li>Porque el suelo virgen tiene una capa superficial que a las nuevas raices le cuesta penetrar.<\/li>\n<li>Porque s\u00f3lo tiene una oportunidad.<\/li>\n<\/ul>\n<p>Mi idea es sembrar las bolitas de nendo dango que vayamos creando, con o sin hormigonera para as\u00ed asegurarmos su germinaci\u00f3n y <span style=\"text-decoration: underline;\">si la semilla tuviera latencia lo mejor es que est\u00e9 enterrada<\/span>. Agacharse para sembrarlas en muy tedioso, cansado y termina por dolerte todo as\u00ed que ide\u00e9 este sistema que con pocas soldaduras pod\u00e9is crear un sistema igual y usarlo para sembrar lo que dese\u00e9is.<\/p>\n<p>He usado un tubo de 1m x 3cm de di\u00e1metro de hierro dulce (8,6\u20ac en Leroy Merlin, es car\u00edsimo, lo s\u00e9 pero en las otras tiendas que ten\u00edan tubos eran muy estrechos y para bellotas y nendo dango este tama\u00f1o es ideal. No pesa demasiado para poder ser llevado por el monte durante horas y sirve como bast\u00f3n igualmente. Tambi\u00e9n he usado unos hierros de grosor y me ha quedado algo chapucero, porque me qued\u00f3 corto, y tuve que soldar dos hierros planos para la \u00abtapa\u00bb, pero en vuestros dise\u00f1os espero que lo hag\u00e1is mejor, soy un novato soldando, lo s\u00e9, aunque todo es cuesti\u00f3n de pr\u00e1ctica.<\/p>\n<p>Y la idea feliz ha sido usar una parte de un alicate\/tenaza pico de loro que en un chino cuesta desde 2,5\u20ac a 4\u20ac<\/p>\n<p>Con este dise\u00f1o espero que recurr\u00e1is a vuestro herrero m\u00e1s pr\u00f3ximo y os haga una que tardar\u00e1 muy poco, llevadle el alicate de pico de loro y lo dem\u00e1s lo har\u00e1 en menos de una hora.<\/p>\n<p>Para usarlo: hincar en el terreno donde no haya roca, girar la punta hacia los lados para remover la tierra, en este momento pondremos la semilla de nendo dango o la bellota y luego con el pi\u00e9 apretamos la palanca haciendo la fuerza justa para abrir hueco en la tierra y que la semilla entre en la tierra, despu\u00e9s sin dejar de soltar el pi\u00e9 de la palanca subimos todo (esto es as\u00ed porque a\u00fan no he ideado nada para que cuando apriete la palanca tenga un resorte que la mantenga y que lo suelte de forma manual)<\/p>\n<p>y aqu\u00ed ten\u00e9nis las im\u00e1genes de la sembradora:<\/p>\n<div class=\"embed-gphotos  wp-caption\"><a href=\"https:\/\/goo.gl\/photos\/dZJ3KJHbrrm66ES66\" target=\"_blank\"><img loading=\"lazy\" decoding=\"async\"    src=\"https:\/\/lh3.googleusercontent.com\/WF19V8KdSyw56BPxZzJqicmJi8ViY-i2KGBLBGwddLXtQ5sXXWB5q2ltGK6O6XqctK5m8o8t3O3_Mg=w1170-h1000\" width=\"1170\" height=\"878\"   ><\/a><\/p>\n<p class=\"wp-caption-text\"><a href=\"https:\/\/goo.gl\/photos\/dZJ3KJHbrrm66ES66\" target=\"_blank\">20100805 Sembradora de pie \/ Google Photos<\/a><\/p>\n<\/div>\n<p>Espero vuestros comentarios, el email est\u00e1 en la p\u00e1gina de inicio<\/p>\n<p>&nbsp;<\/p>\n<p>&nbsp;<\/p>\n<p>&nbsp;<\/p>\n","protected":false},"excerpt":{"rendered":"<p>Sembradora de Nendo dango Imagen general de la sembradora Os presento una sembradora funcional que he dise\u00f1ado inspir\u00e1ndome en otros dise\u00f1os de plantadoras de \u00e1rboles y hort\u00edcolas Dado que considero [&hellip;]<\/p>\n","protected":false},"author":1,"featured_media":0,"parent":0,"menu_order":0,"comment_status":"closed","ping_status":"closed","template":"","meta":{"footnotes":""},"class_list":["post-1057","page","type-page","status-publish","czr-hentry"],"_links":{"self":[{"href":"http:\/\/www.lineaclave.org\/web\/wp-json\/wp\/v2\/pages\/1057","targetHints":{"allow":["GET"]}}],"collection":[{"href":"http:\/\/www.lineaclave.org\/web\/wp-json\/wp\/v2\/pages"}],"about":[{"href":"http:\/\/www.lineaclave.org\/web\/wp-json\/wp\/v2\/types\/page"}],"author":[{"embeddable":true,"href":"http:\/\/www.lineaclave.org\/web\/wp-json\/wp\/v2\/users\/1"}],"replies":[{"embeddable":true,"href":"http:\/\/www.lineaclave.org\/web\/wp-json\/wp\/v2\/comments?post=1057"}],"version-history":[{"count":7,"href":"http:\/\/www.lineaclave.org\/web\/wp-json\/wp\/v2\/pages\/1057\/revisions"}],"predecessor-version":[{"id":1469,"href":"http:\/\/www.lineaclave.org\/web\/wp-json\/wp\/v2\/pages\/1057\/revisions\/1469"}],"wp:attachment":[{"href":"http:\/\/www.lineaclave.org\/web\/wp-json\/wp\/v2\/media?parent=1057"}],"curies":[{"name":"wp","href":"https:\/\/api.w.org\/{rel}","templated":true}]}}