{"id":1060,"date":"2016-03-30T15:05:13","date_gmt":"2016-03-30T14:05:13","guid":{"rendered":"http:\/\/www.lineaclave.org\/wordpress\/?page_id=1060"},"modified":"2016-03-30T15:05:13","modified_gmt":"2016-03-30T14:05:13","slug":"ganaderia-ecologica-aplicacion-nodriza","status":"publish","type":"page","link":"http:\/\/www.lineaclave.org\/web\/ganaderia-ecologica-aplicacion-nodriza\/","title":{"rendered":"Ganader\u00eda Ecol\u00f3gica. Aplicaci\u00f3n NODRIZA"},"content":{"rendered":"<p>Desde Unidad Tecnolog\u00eda en Producci\u00f3n Animal se han realizado un programa fant\u00e1stico para el manejo extensivo de sistemas ganaderos<\/p>\n<p>Su p\u00e1gina web<\/p>\n<p><a href=\"http:\/\/www.nodriza-oss.es\/\">http:\/\/www.nodriza-oss.es\/<\/a><\/p>\n<p><img loading=\"lazy\" decoding=\"async\" class=\"aligncenter size-full wp-image-1070\" src=\"http:\/\/www.lineaclave.org\/wordpress\/wp-content\/uploads\/2016\/03\/Nodriza11.jpg\" alt=\"Nodriza11\" width=\"820\" height=\"452\" srcset=\"http:\/\/www.lineaclave.org\/web\/wp-content\/uploads\/2016\/03\/Nodriza11.jpg 820w, http:\/\/www.lineaclave.org\/web\/wp-content\/uploads\/2016\/03\/Nodriza11-300x165.jpg 300w\" sizes=\"auto, (max-width: 820px) 100vw, 820px\" \/> <img loading=\"lazy\" decoding=\"async\" class=\"aligncenter size-full wp-image-1069\" src=\"http:\/\/www.lineaclave.org\/wordpress\/wp-content\/uploads\/2016\/03\/Nodriza10.jpg\" alt=\"Nodriza10\" width=\"793\" height=\"621\" srcset=\"http:\/\/www.lineaclave.org\/web\/wp-content\/uploads\/2016\/03\/Nodriza10.jpg 793w, http:\/\/www.lineaclave.org\/web\/wp-content\/uploads\/2016\/03\/Nodriza10-300x235.jpg 300w\" sizes=\"auto, (max-width: 793px) 100vw, 793px\" \/> <img loading=\"lazy\" decoding=\"async\" class=\"aligncenter size-full wp-image-1068\" src=\"http:\/\/www.lineaclave.org\/wordpress\/wp-content\/uploads\/2016\/03\/Nodriza9.jpg\" alt=\"Nodriza9\" width=\"1000\" height=\"673\" srcset=\"http:\/\/www.lineaclave.org\/web\/wp-content\/uploads\/2016\/03\/Nodriza9.jpg 1000w, http:\/\/www.lineaclave.org\/web\/wp-content\/uploads\/2016\/03\/Nodriza9-300x202.jpg 300w\" sizes=\"auto, (max-width: 1000px) 100vw, 1000px\" \/> <img loading=\"lazy\" decoding=\"async\" class=\"aligncenter size-full wp-image-1067\" src=\"http:\/\/www.lineaclave.org\/wordpress\/wp-content\/uploads\/2016\/03\/Nodriza7.jpg\" alt=\"Nodriza7\" width=\"1000\" height=\"673\" srcset=\"http:\/\/www.lineaclave.org\/web\/wp-content\/uploads\/2016\/03\/Nodriza7.jpg 1000w, http:\/\/www.lineaclave.org\/web\/wp-content\/uploads\/2016\/03\/Nodriza7-300x202.jpg 300w\" sizes=\"auto, (max-width: 1000px) 100vw, 1000px\" \/> <img loading=\"lazy\" decoding=\"async\" class=\"aligncenter size-full wp-image-1066\" src=\"http:\/\/www.lineaclave.org\/wordpress\/wp-content\/uploads\/2016\/03\/Nodriza6.jpg\" alt=\"Nodriza6\" width=\"940\" height=\"562\" srcset=\"http:\/\/www.lineaclave.org\/web\/wp-content\/uploads\/2016\/03\/Nodriza6.jpg 940w, http:\/\/www.lineaclave.org\/web\/wp-content\/uploads\/2016\/03\/Nodriza6-300x179.jpg 300w\" sizes=\"auto, (max-width: 940px) 100vw, 940px\" \/> <img loading=\"lazy\" decoding=\"async\" class=\"aligncenter size-full wp-image-1065\" src=\"http:\/\/www.lineaclave.org\/wordpress\/wp-content\/uploads\/2016\/03\/Nodriza5.jpg\" alt=\"Nodriza5\" width=\"772\" height=\"420\" srcset=\"http:\/\/www.lineaclave.org\/web\/wp-content\/uploads\/2016\/03\/Nodriza5.jpg 772w, http:\/\/www.lineaclave.org\/web\/wp-content\/uploads\/2016\/03\/Nodriza5-300x163.jpg 300w\" sizes=\"auto, (max-width: 772px) 100vw, 772px\" \/> <img loading=\"lazy\" decoding=\"async\" class=\"aligncenter size-full wp-image-1064\" src=\"http:\/\/www.lineaclave.org\/wordpress\/wp-content\/uploads\/2016\/03\/Nodriza4.jpg\" alt=\"Nodriza4\" width=\"772\" height=\"676\" srcset=\"http:\/\/www.lineaclave.org\/web\/wp-content\/uploads\/2016\/03\/Nodriza4.jpg 772w, http:\/\/www.lineaclave.org\/web\/wp-content\/uploads\/2016\/03\/Nodriza4-300x263.jpg 300w\" sizes=\"auto, (max-width: 772px) 100vw, 772px\" \/> <img loading=\"lazy\" decoding=\"async\" class=\"aligncenter size-full wp-image-1063\" src=\"http:\/\/www.lineaclave.org\/wordpress\/wp-content\/uploads\/2016\/03\/Nodriza3.jpg\" alt=\"Nodriza3\" width=\"840\" height=\"534\" srcset=\"http:\/\/www.lineaclave.org\/web\/wp-content\/uploads\/2016\/03\/Nodriza3.jpg 840w, http:\/\/www.lineaclave.org\/web\/wp-content\/uploads\/2016\/03\/Nodriza3-300x191.jpg 300w\" sizes=\"auto, (max-width: 840px) 100vw, 840px\" \/> <img loading=\"lazy\" decoding=\"async\" class=\"aligncenter size-full wp-image-1062\" src=\"http:\/\/www.lineaclave.org\/wordpress\/wp-content\/uploads\/2016\/03\/Nodriza2.jpg\" alt=\"Nodriza2\" width=\"900\" height=\"580\" srcset=\"http:\/\/www.lineaclave.org\/web\/wp-content\/uploads\/2016\/03\/Nodriza2.jpg 900w, http:\/\/www.lineaclave.org\/web\/wp-content\/uploads\/2016\/03\/Nodriza2-300x193.jpg 300w\" sizes=\"auto, (max-width: 900px) 100vw, 900px\" \/> <img loading=\"lazy\" decoding=\"async\" class=\"aligncenter size-full wp-image-1061\" src=\"http:\/\/www.lineaclave.org\/wordpress\/wp-content\/uploads\/2016\/03\/Nodriza1.jpg\" alt=\"Nodriza1\" width=\"1024\" height=\"606\" srcset=\"http:\/\/www.lineaclave.org\/web\/wp-content\/uploads\/2016\/03\/Nodriza1.jpg 1024w, http:\/\/www.lineaclave.org\/web\/wp-content\/uploads\/2016\/03\/Nodriza1-300x178.jpg 300w\" sizes=\"auto, (max-width: 1024px) 100vw, 1024px\" \/><\/p>\n<p>Aplicaci\u00f3n NODRIZA<\/p>\n<p>Algunas de las capturas de pantalla<\/p>\n","protected":false},"excerpt":{"rendered":"<p>Desde Unidad Tecnolog\u00eda en Producci\u00f3n Animal se han realizado un programa fant\u00e1stico para el manejo extensivo de sistemas ganaderos Su p\u00e1gina web http:\/\/www.nodriza-oss.es\/ Aplicaci\u00f3n NODRIZA Algunas de las capturas de [&hellip;]<\/p>\n","protected":false},"author":1,"featured_media":0,"parent":0,"menu_order":0,"comment_status":"closed","ping_status":"closed","template":"","meta":{"footnotes":""},"class_list":["post-1060","page","type-page","status-publish","czr-hentry"],"_links":{"self":[{"href":"http:\/\/www.lineaclave.org\/web\/wp-json\/wp\/v2\/pages\/1060","targetHints":{"allow":["GET"]}}],"collection":[{"href":"http:\/\/www.lineaclave.org\/web\/wp-json\/wp\/v2\/pages"}],"about":[{"href":"http:\/\/www.lineaclave.org\/web\/wp-json\/wp\/v2\/types\/page"}],"author":[{"embeddable":true,"href":"http:\/\/www.lineaclave.org\/web\/wp-json\/wp\/v2\/users\/1"}],"replies":[{"embeddable":true,"href":"http:\/\/www.lineaclave.org\/web\/wp-json\/wp\/v2\/comments?post=1060"}],"version-history":[{"count":1,"href":"http:\/\/www.lineaclave.org\/web\/wp-json\/wp\/v2\/pages\/1060\/revisions"}],"predecessor-version":[{"id":1071,"href":"http:\/\/www.lineaclave.org\/web\/wp-json\/wp\/v2\/pages\/1060\/revisions\/1071"}],"wp:attachment":[{"href":"http:\/\/www.lineaclave.org\/web\/wp-json\/wp\/v2\/media?parent=1060"}],"curies":[{"name":"wp","href":"https:\/\/api.w.org\/{rel}","templated":true}]}}