{"id":1075,"date":"2016-03-30T15:08:24","date_gmt":"2016-03-30T14:08:24","guid":{"rendered":"http:\/\/www.lineaclave.org\/wordpress\/?page_id=1075"},"modified":"2016-03-30T15:08:24","modified_gmt":"2016-03-30T14:08:24","slug":"biodiversidad","status":"publish","type":"page","link":"http:\/\/www.lineaclave.org\/web\/biodiversidad\/","title":{"rendered":"Biodiversidad"},"content":{"rendered":"<p><strong>V\u00eddeo candidato a los Premios Fundaci\u00f3n Biodiversidad en la categor\u00eda Documental y Cortometraje.<\/strong><\/p>\n<p><iframe loading=\"lazy\" width=\"1170\" height=\"658\" src=\"https:\/\/www.youtube.com\/embed\/8o6KKmpl3mU?feature=oembed\" frameborder=\"0\" allowfullscreen><\/iframe><\/p>\n","protected":false},"excerpt":{"rendered":"<p>V\u00eddeo candidato a los Premios Fundaci\u00f3n Biodiversidad en la categor\u00eda Documental y Cortometraje.<\/p>\n","protected":false},"author":1,"featured_media":0,"parent":0,"menu_order":0,"comment_status":"closed","ping_status":"closed","template":"","meta":{"footnotes":""},"class_list":["post-1075","page","type-page","status-publish","czr-hentry"],"_links":{"self":[{"href":"http:\/\/www.lineaclave.org\/web\/wp-json\/wp\/v2\/pages\/1075","targetHints":{"allow":["GET"]}}],"collection":[{"href":"http:\/\/www.lineaclave.org\/web\/wp-json\/wp\/v2\/pages"}],"about":[{"href":"http:\/\/www.lineaclave.org\/web\/wp-json\/wp\/v2\/types\/page"}],"author":[{"embeddable":true,"href":"http:\/\/www.lineaclave.org\/web\/wp-json\/wp\/v2\/users\/1"}],"replies":[{"embeddable":true,"href":"http:\/\/www.lineaclave.org\/web\/wp-json\/wp\/v2\/comments?post=1075"}],"version-history":[{"count":1,"href":"http:\/\/www.lineaclave.org\/web\/wp-json\/wp\/v2\/pages\/1075\/revisions"}],"predecessor-version":[{"id":1076,"href":"http:\/\/www.lineaclave.org\/web\/wp-json\/wp\/v2\/pages\/1075\/revisions\/1076"}],"wp:attachment":[{"href":"http:\/\/www.lineaclave.org\/web\/wp-json\/wp\/v2\/media?parent=1075"}],"curies":[{"name":"wp","href":"https:\/\/api.w.org\/{rel}","templated":true}]}}