{"id":1077,"date":"2016-03-30T15:11:03","date_gmt":"2016-03-30T14:11:03","guid":{"rendered":"http:\/\/www.lineaclave.org\/wordpress\/?page_id=1077"},"modified":"2016-04-11T11:35:39","modified_gmt":"2016-04-11T10:35:39","slug":"reglamentos-de-agricultura-ecologica","status":"publish","type":"page","link":"http:\/\/www.lineaclave.org\/web\/reglamentos-de-agricultura-ecologica\/","title":{"rendered":"Reglamentos de agricultura ecol\u00f3gica"},"content":{"rendered":"<p><strong>Estos son los reglamentos actuales b\u00e1sicos que regulan la agricultura y ganader\u00eda ecol\u00f3gicas as\u00ed como la industria derivada (manufactura, elaboraci\u00f3n, transporte, etc&#8230;)<\/strong><\/p>\n<table border=\"2\">\n<tbody>\n<tr>\n<td><strong>REGLAMENTO (CE) No 1254\/2008 DE LA COMISI\u00d3N<\/strong><\/td>\n<td><\/td>\n<\/tr>\n<tr>\n<td>de 15 de diciembre de 2008<br \/>\nque modifica el Reglamento (CE) no 889\/2008 por el que se establecen disposiciones de aplicaci\u00f3n<br \/>\ndel Reglamento (CE) no 834\/2007 del Consejo sobre producci\u00f3n y etiquetado de los productos<br \/>\necol\u00f3gicos, con respecto a la producci\u00f3n ecol\u00f3gica, su etiquetado y su control<\/td>\n<td><img loading=\"lazy\" decoding=\"async\" class=\"wp-image-1073 size-full alignleft\" src=\"http:\/\/www.lineaclave.org\/web\/wp-content\/uploads\/2016\/03\/reader_icon50.jpg\" alt=\"reader_icon50\" width=\"50\" height=\"51\" \/><\/td>\n<\/tr>\n<tr>\n<td valign=\"top\"><\/td>\n<td valign=\"top\"><\/td>\n<\/tr>\n<tr>\n<td><strong>REGLAMENTO (CE) no 889\/2008 DE LA COMISI\u00d3N<\/strong><\/td>\n<td><\/td>\n<\/tr>\n<tr>\n<td>de 5 de septiembre de 2008<br \/>\npor el que se establecen disposiciones de aplicaci\u00f3n del Reglamento (CE) no 834\/2007 del Consejo<br \/>\nsobre producci\u00f3n y etiquetado de los productos ecol\u00f3gicos, con respecto a la producci\u00f3n ecol\u00f3gica,<br \/>\nsu etiquetado y su control<\/td>\n<td><a href=\"http:\/\/www.lineaclave.org\/web\/wp-content\/uploads\/R%28CE%29889-2008.pdf\"><img loading=\"lazy\" decoding=\"async\" class=\"alignnone wp-image-19 size-full\" src=\"http:\/\/www.lineaclave.org\/web\/wp-content\/uploads\/2016\/03\/reader_icon50.jpg\" alt=\"reader_icon50\" width=\"50\" height=\"51\" \/><\/a><\/td>\n<\/tr>\n<tr>\n<td valign=\"top\"><\/td>\n<td valign=\"top\"><\/td>\n<\/tr>\n<tr>\n<td><strong>REGLAMENTO (CE) No 967\/2008 DEL CONSEJO<\/strong><\/td>\n<td><\/td>\n<\/tr>\n<tr>\n<td valign=\"top\">de 29 de septiembre de 2008<br \/>\npor el que se modifica el Reglamento (CE) no 834\/2007 sobre producci\u00f3n y etiquetado de los<br \/>\nproductos ecol\u00f3gicos<\/td>\n<td valign=\"top\"><a href=\" http:\/\/www.lineaclave.org\/web\/wp-content\/uploads\/R%28CE%29967-2008.pdf\"><img loading=\"lazy\" decoding=\"async\" class=\"alignnone wp-image-19 size-full\" src=\"http:\/\/www.lineaclave.org\/web\/wp-content\/uploads\/2016\/03\/reader_icon50.jpg\" alt=\"reader_icon50\" width=\"50\" height=\"51\" \/><\/a><\/td>\n<\/tr>\n<tr>\n<td valign=\"top\"><\/td>\n<td valign=\"top\"><\/td>\n<\/tr>\n<tr>\n<td valign=\"top\"><strong>REGLAMENTO (CE) NO 834\/2007 DEL CONSEJO<\/strong><\/td>\n<td valign=\"top\"><\/td>\n<\/tr>\n<tr>\n<td valign=\"top\">de 28 de junio de 2007<br \/>\nsobre producci\u00f3n y etiquetado de los productos ecol\u00f3gicos y por el que se deroga el Reglamento<br \/>\n(CEE) no 2092\/91<\/td>\n<td valign=\"top\"><a href=\"http:\/\/www.lineaclave.org\/web\/wp-content\/uploads\/R%28CEE%29834-2007.pdf\"><img loading=\"lazy\" decoding=\"async\" class=\"alignnone wp-image-19 size-full\" src=\"http:\/\/www.lineaclave.org\/web\/wp-content\/uploads\/2016\/03\/reader_icon50.jpg\" alt=\"reader_icon50\" width=\"50\" height=\"51\" \/><\/a><\/td>\n<\/tr>\n<\/tbody>\n<\/table>\n<p>&nbsp;<\/p>\n<p>&nbsp;<\/p>\n<p>&nbsp;<\/p>\n","protected":false},"excerpt":{"rendered":"<p>Estos son los reglamentos actuales b\u00e1sicos que regulan la agricultura y ganader\u00eda ecol\u00f3gicas as\u00ed como la industria derivada (manufactura, elaboraci\u00f3n, transporte, etc&#8230;) REGLAMENTO (CE) No 1254\/2008 DE LA COMISI\u00d3N de [&hellip;]<\/p>\n","protected":false},"author":1,"featured_media":0,"parent":0,"menu_order":0,"comment_status":"closed","ping_status":"closed","template":"","meta":{"footnotes":""},"class_list":["post-1077","page","type-page","status-publish","czr-hentry"],"_links":{"self":[{"href":"http:\/\/www.lineaclave.org\/web\/wp-json\/wp\/v2\/pages\/1077","targetHints":{"allow":["GET"]}}],"collection":[{"href":"http:\/\/www.lineaclave.org\/web\/wp-json\/wp\/v2\/pages"}],"about":[{"href":"http:\/\/www.lineaclave.org\/web\/wp-json\/wp\/v2\/types\/page"}],"author":[{"embeddable":true,"href":"http:\/\/www.lineaclave.org\/web\/wp-json\/wp\/v2\/users\/1"}],"replies":[{"embeddable":true,"href":"http:\/\/www.lineaclave.org\/web\/wp-json\/wp\/v2\/comments?post=1077"}],"version-history":[{"count":4,"href":"http:\/\/www.lineaclave.org\/web\/wp-json\/wp\/v2\/pages\/1077\/revisions"}],"predecessor-version":[{"id":1450,"href":"http:\/\/www.lineaclave.org\/web\/wp-json\/wp\/v2\/pages\/1077\/revisions\/1450"}],"wp:attachment":[{"href":"http:\/\/www.lineaclave.org\/web\/wp-json\/wp\/v2\/media?parent=1077"}],"curies":[{"name":"wp","href":"https:\/\/api.w.org\/{rel}","templated":true}]}}