{"id":1121,"date":"2016-03-30T15:33:03","date_gmt":"2016-03-30T14:33:03","guid":{"rendered":"http:\/\/www.lineaclave.org\/wordpress\/?page_id=1121"},"modified":"2016-04-12T08:56:00","modified_gmt":"2016-04-12T07:56:00","slug":"nendo-dango-nendodanguera","status":"publish","type":"page","link":"http:\/\/www.lineaclave.org\/web\/nendo-dango-nendodanguera\/","title":{"rendered":"Nendo dango &#8211; Nendodanguera"},"content":{"rendered":"<p>Una Nendodanguera (la he bautizado as\u00ed) para hacer miles de bolas de semillas por hora.<\/p>\n<div class=\"embed-gphotos  wp-caption\"><a href=\"https:\/\/goo.gl\/photos\/7eyCmtEJE94Sxm5L8\" target=\"_blank\"><img loading=\"lazy\" decoding=\"async\"    src=\"https:\/\/lh3.googleusercontent.com\/-eTyldedsv9P3EmiNryuOho-GvWxrzIgGO2iPKmHOU0-aZAs1rehAa-3AkctgCN_9acU_YENZDAkxg=w1170-h1000\" width=\"1170\" height=\"878\"   ><\/a><\/p>\n<p class=\"wp-caption-text\"><a href=\"https:\/\/goo.gl\/photos\/7eyCmtEJE94Sxm5L8\" target=\"_blank\">NendoDanguera \/ Google Photos<\/a><\/p>\n<\/div>\n<p>&nbsp;<\/p>\n<p>Video de Von Bachmayr relatado por Jim Bones, luego su documento de c\u00f3mo construirse un cacharro as\u00ed, mi fuente de inspiraci\u00f3n.<\/p>\n<p><iframe loading=\"lazy\" width=\"1170\" height=\"658\" src=\"https:\/\/www.youtube.com\/embed\/vAszV3fVV3E?feature=oembed\" frameborder=\"0\" allowfullscreen><\/iframe><\/p>\n<p>&nbsp;<\/p>\n<p>&nbsp;<\/p>\n<p>Los documentos de donde extraje la inspiraci\u00f3n.<\/p>\n<p>&nbsp;<\/p>\n<p>&nbsp;<\/p>\n<p><img decoding=\"async\" class=\"aligncenter size-full wp-image-1463\" src=\"http:\/\/www.lineaclave.org\/web\/wp-content\/uploads\/2016\/04\/seedballs2.jpeg\" alt=\"seedballs2\" \/> <img decoding=\"async\" class=\"aligncenter size-full wp-image-1462\" src=\"http:\/\/www.lineaclave.org\/web\/wp-content\/uploads\/2016\/04\/seedballs1.jpeg\" alt=\"seedballs1\" \/><\/p>\n<p>&nbsp;<\/p>\n<p>&nbsp;<\/p>\n<p>&nbsp;<\/p>\n<p>&nbsp;<\/p>\n<p>&nbsp;<\/p>\n","protected":false},"excerpt":{"rendered":"<p>Una Nendodanguera (la he bautizado as\u00ed) para hacer miles de bolas de semillas por hora. NendoDanguera \/ Google Photos &nbsp; Video de Von Bachmayr relatado por Jim Bones, luego su [&hellip;]<\/p>\n","protected":false},"author":1,"featured_media":0,"parent":0,"menu_order":0,"comment_status":"closed","ping_status":"closed","template":"","meta":{"footnotes":""},"class_list":["post-1121","page","type-page","status-publish","czr-hentry"],"_links":{"self":[{"href":"http:\/\/www.lineaclave.org\/web\/wp-json\/wp\/v2\/pages\/1121","targetHints":{"allow":["GET"]}}],"collection":[{"href":"http:\/\/www.lineaclave.org\/web\/wp-json\/wp\/v2\/pages"}],"about":[{"href":"http:\/\/www.lineaclave.org\/web\/wp-json\/wp\/v2\/types\/page"}],"author":[{"embeddable":true,"href":"http:\/\/www.lineaclave.org\/web\/wp-json\/wp\/v2\/users\/1"}],"replies":[{"embeddable":true,"href":"http:\/\/www.lineaclave.org\/web\/wp-json\/wp\/v2\/comments?post=1121"}],"version-history":[{"count":5,"href":"http:\/\/www.lineaclave.org\/web\/wp-json\/wp\/v2\/pages\/1121\/revisions"}],"predecessor-version":[{"id":1470,"href":"http:\/\/www.lineaclave.org\/web\/wp-json\/wp\/v2\/pages\/1121\/revisions\/1470"}],"wp:attachment":[{"href":"http:\/\/www.lineaclave.org\/web\/wp-json\/wp\/v2\/media?parent=1121"}],"curies":[{"name":"wp","href":"https:\/\/api.w.org\/{rel}","templated":true}]}}