{"id":1162,"date":"2016-03-30T16:47:18","date_gmt":"2016-03-30T15:47:18","guid":{"rendered":"http:\/\/www.lineaclave.org\/wordpress\/?page_id=1162"},"modified":"2016-03-30T16:47:49","modified_gmt":"2016-03-30T15:47:49","slug":"rotaciones-intro","status":"publish","type":"page","link":"http:\/\/www.lineaclave.org\/web\/rotaciones-intro\/","title":{"rendered":"Dise\u00f1o de Rotaciones en Agricultura Ecol\u00f3gica.Introducci\u00f3n"},"content":{"rendered":"<p style=\"font-family: matantqn; font-size: 14pt;\"><img loading=\"lazy\" decoding=\"async\" class=\"aligncenter size-full wp-image-1132\" src=\"http:\/\/www.lineaclave.org\/wordpress\/wp-content\/uploads\/2016\/03\/Clipboard00.jpg\" alt=\"Clipboard00\" width=\"557\" height=\"476\" srcset=\"http:\/\/www.lineaclave.org\/web\/wp-content\/uploads\/2016\/03\/Clipboard00.jpg 557w, http:\/\/www.lineaclave.org\/web\/wp-content\/uploads\/2016\/03\/Clipboard00-300x256.jpg 300w\" sizes=\"auto, (max-width: 557px) 100vw, 557px\" \/><\/p>\n<h2><\/h2>\n<h2>Introducci\u00f3n<\/h2>\n<h3>Justificaci\u00f3n del trabajo<\/h3>\n<p>El presente programa inform\u00e1tico se basa en la necesidad que un agricultor novel tiene a la hora de elegir las especies adecuadas seg\u00fan un criterio agroecol\u00f3gico que tiene como par\u00e1metros el ir cambiando de cultivos (alternativa), bien entre distintos a\u00f1os o bien en un mismo a\u00f1o, para con ello proteger a la totalidad de la parcela de posibles enfermedades, o las m\u00ednimas posibles, en la sucesi\u00f3n de cultivos elegidos, as\u00ed como darle mayor biodiversidad a todo el sistema.<\/p>\n<h4>Definici\u00f3n de alternativa<\/h4>\n<p>La alternativa es la distribuci\u00f3n en el espacio de los cultivos de la explotaci\u00f3n; mientras que la rotaci\u00f3n es su disposici\u00f3n en el tiempo, la alternativa distribuye las superficies existentes entre los cultivos y nos da la diversidad actual y real del sistema.<\/p>\n<h3>Precedentes.<\/h3>\n<p>Normalmente se trabaja con los esquemas b\u00e1sicos de rotaci\u00f3n de cultivos que se han de respetar en la mayor\u00eda de los casos, aunque no siempre se cumple, por criterios econ\u00f3micos. Las reglas fundamentales son las que siguen:<\/p>\n<h4>Reglas fundamentales:<\/h4>\n<p>Distribuci\u00f3n de hortalizas que no deben repetirse.<\/p>\n<h4><\/h4>\n<h4>Por familias.<\/h4>\n<p><img loading=\"lazy\" decoding=\"async\" class=\"aligncenter size-full wp-image-1165\" src=\"http:\/\/www.lineaclave.org\/wordpress\/wp-content\/uploads\/2016\/03\/Familias.jpg\" alt=\"Familias\" width=\"718\" height=\"366\" srcset=\"http:\/\/www.lineaclave.org\/web\/wp-content\/uploads\/2016\/03\/Familias.jpg 718w, http:\/\/www.lineaclave.org\/web\/wp-content\/uploads\/2016\/03\/Familias-300x153.jpg 300w\" sizes=\"auto, (max-width: 718px) 100vw, 718px\" \/><\/p>\n<p>&nbsp;<\/p>\n<h4>Por parte aprovechable:<\/h4>\n<h4><img loading=\"lazy\" decoding=\"async\" class=\"aligncenter size-full wp-image-1166\" src=\"http:\/\/www.lineaclave.org\/wordpress\/wp-content\/uploads\/2016\/03\/Parte-Aprovechable.jpg\" alt=\"Parte Aprovechable\" width=\"717\" height=\"217\" srcset=\"http:\/\/www.lineaclave.org\/web\/wp-content\/uploads\/2016\/03\/Parte-Aprovechable.jpg 717w, http:\/\/www.lineaclave.org\/web\/wp-content\/uploads\/2016\/03\/Parte-Aprovechable-300x91.jpg 300w\" sizes=\"auto, (max-width: 717px) 100vw, 717px\" \/><\/h4>\n<h3>Por profundidad de la ra\u00edces<\/h3>\n<p><img loading=\"lazy\" decoding=\"async\" class=\"aligncenter size-full wp-image-1167\" src=\"http:\/\/www.lineaclave.org\/wordpress\/wp-content\/uploads\/2016\/03\/Profundidad-Raices.jpg\" alt=\"Profundidad Raices\" width=\"715\" height=\"171\" srcset=\"http:\/\/www.lineaclave.org\/web\/wp-content\/uploads\/2016\/03\/Profundidad-Raices.jpg 715w, http:\/\/www.lineaclave.org\/web\/wp-content\/uploads\/2016\/03\/Profundidad-Raices-300x72.jpg 300w\" sizes=\"auto, (max-width: 715px) 100vw, 715px\" \/><\/p>\n<p>&nbsp;<\/p>\n<p><img loading=\"lazy\" decoding=\"async\" class=\"aligncenter size-full wp-image-1164\" src=\"http:\/\/www.lineaclave.org\/wordpress\/wp-content\/uploads\/2016\/03\/Diagrama-Cultivos.jpg\" alt=\"Diagrama Cultivos\" width=\"750\" height=\"746\" srcset=\"http:\/\/www.lineaclave.org\/web\/wp-content\/uploads\/2016\/03\/Diagrama-Cultivos.jpg 750w, http:\/\/www.lineaclave.org\/web\/wp-content\/uploads\/2016\/03\/Diagrama-Cultivos-150x150.jpg 150w, http:\/\/www.lineaclave.org\/web\/wp-content\/uploads\/2016\/03\/Diagrama-Cultivos-300x298.jpg 300w\" sizes=\"auto, (max-width: 750px) 100vw, 750px\" \/><\/p>\n<p>Diagrama circular usual para representar rotaciones con distinto n\u00famero de a\u00f1os. (elaboraci\u00f3n propia)<\/p>\n<p>&nbsp;<\/p>\n<h3>Introducci\u00f3n al uso del programa de dise\u00f1o de Rotaciones en hort\u00edcolas<\/h3>\n<p>Este programa sirve para hacer los c\u00e1lculos de rotaciones seg\u00fan la agricultura ecol\u00f3gica. Bajo esta definici\u00f3n tan simple se esconde la resoluci\u00f3n de una cuesti\u00f3n que a muchos agricultores que comienzan les parec\u00eda algo compleja y ten\u00edan que hacer un esfuerzo para llevarla a cabo. Se ha intentado que fuera de un uso lo m\u00e1s simplificado posible.<\/p>\n<h4>Premisas<\/h4>\n<p>El programa est\u00e1 pensado con las siguiente premisas:<\/p>\n<ul>\n<li>Su uso debe de ser f\u00e1cil y accesible para usuarios que, si bien han de saber previamente su tem\u00e1tica, no deban de tener excesivos conocimientos inform\u00e1ticos para usarlo.<\/li>\n<li>La interface debe de ser limpia, clara, entendible y l\u00f3gica. Debe de ser atractiva visualmente, ser gr\u00e1fica y poco alfanum\u00e9rica para que la sensaci\u00f3n sea confortable en su uso.<\/li>\n<li>No debe de requerir muchos pasos para hacer cualquier acci\u00f3n y \u00e9stas deben de estar interrelacionadas entre s\u00ed, de tal forma que cualquier modificaci\u00f3n realizada se actualiza en todos los sitios para no crear ning\u00fan tipo de confusi\u00f3n al usuario.<\/li>\n<li>Ha de estar desarrollada en una plataforma que sea de amplio uso (como es Windows (R)) y que sea compatible al menos con las m\u00e1s modernas.<\/li>\n<li>Se ha de pensar en actualizar f\u00e1cilmente el programa y sus bases de datos<\/li>\n<li>Se ha de poder imprimir reportes.<\/li>\n<\/ul>\n<h4>Requerimientos m\u00ednimos:<\/h4>\n<p>Los requerimientos minimos para funcionar deber\u00eda ser un ordenador con:<\/p>\n<ul>\n<li>Windows 2000 con service pack 4 instalado (para mapwingis)<\/li>\n<li>256Mb Ram<\/li>\n<li>500Mb libres en el disco duro<\/li>\n<\/ul>\n<h4>Requerimientos recomendables:<\/h4>\n<p>Los requerimientos recomendables:<\/p>\n<ul>\n<li>Windows XP o Vista<\/li>\n<li>2Gb Ram<\/li>\n<li>1Gb discoEstos requerimientos recomendables son ampliamente sobrepasados por cualquier ordenador de hoy en d\u00eda.<\/li>\n<\/ul>\n<h4>Desarrollo del programa:<\/h4>\n<p>Para su desarrollo se ha utilizado:<\/p>\n<ul>\n<li>Lenguaje de programaci\u00f3n Visual Basic en su versi\u00f3n 6 con Service Pack 6<\/li>\n<li>Librer\u00edas Activex Mapwingis con licencia M.P.L. (ver apartado licencia)<\/li>\n<\/ul>\n","protected":false},"excerpt":{"rendered":"<p>Introducci\u00f3n Justificaci\u00f3n del trabajo El presente programa inform\u00e1tico se basa en la necesidad que un agricultor novel tiene a la hora de elegir las especies adecuadas seg\u00fan un criterio agroecol\u00f3gico [&hellip;]<\/p>\n","protected":false},"author":1,"featured_media":0,"parent":0,"menu_order":0,"comment_status":"closed","ping_status":"closed","template":"","meta":{"footnotes":""},"class_list":["post-1162","page","type-page","status-publish","czr-hentry"],"_links":{"self":[{"href":"http:\/\/www.lineaclave.org\/web\/wp-json\/wp\/v2\/pages\/1162","targetHints":{"allow":["GET"]}}],"collection":[{"href":"http:\/\/www.lineaclave.org\/web\/wp-json\/wp\/v2\/pages"}],"about":[{"href":"http:\/\/www.lineaclave.org\/web\/wp-json\/wp\/v2\/types\/page"}],"author":[{"embeddable":true,"href":"http:\/\/www.lineaclave.org\/web\/wp-json\/wp\/v2\/users\/1"}],"replies":[{"embeddable":true,"href":"http:\/\/www.lineaclave.org\/web\/wp-json\/wp\/v2\/comments?post=1162"}],"version-history":[{"count":1,"href":"http:\/\/www.lineaclave.org\/web\/wp-json\/wp\/v2\/pages\/1162\/revisions"}],"predecessor-version":[{"id":1168,"href":"http:\/\/www.lineaclave.org\/web\/wp-json\/wp\/v2\/pages\/1162\/revisions\/1168"}],"wp:attachment":[{"href":"http:\/\/www.lineaclave.org\/web\/wp-json\/wp\/v2\/media?parent=1162"}],"curies":[{"name":"wp","href":"https:\/\/api.w.org\/{rel}","templated":true}]}}