{"id":2407,"date":"2021-01-15T12:33:07","date_gmt":"2021-01-15T11:33:07","guid":{"rendered":"http:\/\/www.lineaclave.org\/web\/?page_id=2407"},"modified":"2021-01-15T12:33:09","modified_gmt":"2021-01-15T11:33:09","slug":"explicacion-de-linea-clave-de-forma-cientifica-usando-modelo-impreso-en-3d","status":"publish","type":"page","link":"http:\/\/www.lineaclave.org\/web\/explicacion-de-linea-clave-de-forma-cientifica-usando-modelo-impreso-en-3d\/","title":{"rendered":"Explicaci\u00f3n de L\u00ednea Clave de forma cient\u00edfica usando modelo impreso en 3D"},"content":{"rendered":"\n<figure class=\"wp-block-embed is-type-video is-provider-youtube wp-block-embed-youtube wp-embed-aspect-16-9 wp-has-aspect-ratio\"><div class=\"wp-block-embed__wrapper\">\n<iframe loading=\"lazy\" title=\"Explicaci\u00f3n de L\u00ednea Clave de forma cient\u00edfica usando modelo impreso en 3D\" width=\"1170\" height=\"658\" src=\"https:\/\/www.youtube.com\/embed\/C_6Hkl6zEJA?feature=oembed\" frameborder=\"0\" allow=\"accelerometer; autoplay; clipboard-write; encrypted-media; gyroscope; picture-in-picture; web-share\" referrerpolicy=\"strict-origin-when-cross-origin\" allowfullscreen><\/iframe>\n<\/div><\/figure>\n","protected":false},"excerpt":{"rendered":"","protected":false},"author":1,"featured_media":0,"parent":0,"menu_order":0,"comment_status":"closed","ping_status":"closed","template":"","meta":{"footnotes":""},"class_list":["post-2407","page","type-page","status-publish","czr-hentry"],"_links":{"self":[{"href":"http:\/\/www.lineaclave.org\/web\/wp-json\/wp\/v2\/pages\/2407","targetHints":{"allow":["GET"]}}],"collection":[{"href":"http:\/\/www.lineaclave.org\/web\/wp-json\/wp\/v2\/pages"}],"about":[{"href":"http:\/\/www.lineaclave.org\/web\/wp-json\/wp\/v2\/types\/page"}],"author":[{"embeddable":true,"href":"http:\/\/www.lineaclave.org\/web\/wp-json\/wp\/v2\/users\/1"}],"replies":[{"embeddable":true,"href":"http:\/\/www.lineaclave.org\/web\/wp-json\/wp\/v2\/comments?post=2407"}],"version-history":[{"count":1,"href":"http:\/\/www.lineaclave.org\/web\/wp-json\/wp\/v2\/pages\/2407\/revisions"}],"predecessor-version":[{"id":2408,"href":"http:\/\/www.lineaclave.org\/web\/wp-json\/wp\/v2\/pages\/2407\/revisions\/2408"}],"wp:attachment":[{"href":"http:\/\/www.lineaclave.org\/web\/wp-json\/wp\/v2\/media?parent=2407"}],"curies":[{"name":"wp","href":"https:\/\/api.w.org\/{rel}","templated":true}]}}