{"id":505,"date":"2015-10-03T10:23:45","date_gmt":"2015-10-03T09:23:45","guid":{"rendered":"http:\/\/s329168336.mialojamiento.es\/web\/?page_id=505"},"modified":"2022-11-17T13:33:45","modified_gmt":"2022-11-17T12:33:45","slug":"portada","status":"publish","type":"page","link":"http:\/\/www.lineaclave.org\/web\/","title":{"rendered":"Portada"},"content":{"rendered":"<div>\n<h3><strong>Bienvenido a L\u00ednea Clave<\/strong><\/h3>\n<p>Esta web parte de la idea de Jes\u00fas Ruiz, conocedor experto de L\u00ednea Clave desde el 2007 y la persona m\u00e1s veterana y experimentada sobre el sistema de l\u00ednea clave, keyline o curvas a desnivel. Adem\u00e1s ha formado a actuales formadores y que sigue impartiendo cursos, charlas sobre el tema a lo largo de todo el a\u00f1o y que llevo haci\u00e9ndolo desde el 2008.<\/p>\n<p>Los temas que se tratan en esta web son l\u00ednea clave, agricultura y ganader\u00eda regenerativa y\u00a0 permacultura.<\/p>\n<h4>\u00a0\u00a0 Una peque\u00f1a bio personal:<\/h4>\n<p><a href=\"http:\/\/www.upv.es\/entidades\/ETSIGCT\/\">Ingeniero T\u00e9cnico en Topograf\u00eda<\/a> de la Universidad Polit\u00e9cnica de Valencia. Formado en <a href=\"https:\/\/www.cfp.upv.es\/formacion-permanente\/cursos\/master-en-jardineria-y-paisaje-1---9-edicion_rsstrue-cid30355.html\">paisajismo <\/a>por la universidad de Valencia en 2008-2009 y en el <a href=\"http:\/\/www.ub.edu\/masterae\/\">Master de Agricultura Ecol\u00f3gica<\/a>\u00a0 en la Universidad de Barcelona.<\/p>\n<p>Programador inform\u00e1tico de sistemas GIS y sistemas CAD, con aplicaciones para la diputaci\u00f3n de Valencia.<\/p>\n<p>En 2007 asist\u00ed a mi primer curso impartido por el permacultor australiano <a href=\"http:\/\/www.regrarians.org\/\">D Doherty,<\/a> es en ese momento cuando el concepto l\u00ednea clave entra en mi vida. Fue en esta vez la primera que en Espa\u00f1a se conoc\u00eda sobre l\u00ednea clave. Curso realizado por Ecohabitar en Brihuega, Guadalajara.<\/p>\n<p>A finales del 2008 me aventur\u00e9 bajo mi riesgo a comprar el primer arado Yeomans completo de Europa para poder demostrar sus capacidades al mundo agr\u00edcola y ganadero, el arado ha sufrido modificaciones de forma que ahora es una mejor herramienta ya que siembra, airea y fertiliza al mismo tiempo.<\/p>\n<p><img loading=\"lazy\" decoding=\"async\" class=\"aligncenter size-full wp-image-3016\" src=\"http:\/\/www.lineaclave.org\/web\/wp-content\/uploads\/2022\/11\/DSCF2334-scaled.jpg\" alt=\"\" width=\"2560\" height=\"1920\" srcset=\"http:\/\/www.lineaclave.org\/web\/wp-content\/uploads\/2022\/11\/DSCF2334-scaled.jpg 2560w, http:\/\/www.lineaclave.org\/web\/wp-content\/uploads\/2022\/11\/DSCF2334-300x225.jpg 300w, http:\/\/www.lineaclave.org\/web\/wp-content\/uploads\/2022\/11\/DSCF2334-1600x1200.jpg 1600w, http:\/\/www.lineaclave.org\/web\/wp-content\/uploads\/2022\/11\/DSCF2334-1536x1152.jpg 1536w, http:\/\/www.lineaclave.org\/web\/wp-content\/uploads\/2022\/11\/DSCF2334-2048x1536.jpg 2048w\" sizes=\"auto, (max-width: 2560px) 100vw, 2560px\" \/><\/p>\n<p>Desde el 2009 en adelante me he centrado en ofrecer servicios de consultor\u00eda en permacultura y dise\u00f1o global de fincas usando l\u00ednea clave a lo largo de la pen\u00ednsula ib\u00e9rica y en impartir cursos all\u00e1 donde me los piden.<\/p>\n<p>Desde el a\u00f1o 2012 vengo desarrollando un concepto innovador en L\u00ednea Clave de dise\u00f1o m\u00e1s org\u00e1nico de l\u00ednea clave donde tengo en cuenta:<\/p>\n<ul>\n<li>Dise\u00f1ar con curvas, en lugar de l\u00edneas rectas. Usando ingenier\u00eda.<\/li>\n<li>Dise\u00f1o pr\u00e1cticos, pensados para el tractor y para largo plazo.\n<ul>\n<li>El dise\u00f1o est\u00e1 conectado desde el principio al fin de la parcela.<\/li>\n<li>El tractor tiene que ser capaz de:\n<ul>\n<li>Girar en toda la trayectoria con buen radio de giro seg\u00fan la maquinaria, no de \u00e1ngulo.<\/li>\n<li>Respetar los l\u00edmites de la parcela para poder maniobrar con libertad<\/li>\n<\/ul>\n<\/li>\n<li>Dejar zonas de ajuste para crear zonas de biodiversidad funcional o para emplazamiento de obras.<\/li>\n<\/ul>\n<\/li>\n<li>Uso de caminos con muy poca pendiente para recolecci\u00f3n de agua<\/li>\n<li>Creacion de presas de tierra.<\/li>\n<\/ul>\n<p><iframe loading=\"lazy\" title=\"L\u00ednea Clave en Herdade de Alag\u00e3es, en la poblaci\u00f3n Jo\u00e3o Serra.\" width=\"1170\" height=\"658\" src=\"https:\/\/www.youtube.com\/embed\/yUU7AnwXd18?feature=oembed\" frameborder=\"0\" allow=\"accelerometer; autoplay; clipboard-write; encrypted-media; gyroscope; picture-in-picture; web-share\" referrerpolicy=\"strict-origin-when-cross-origin\" allowfullscreen><\/iframe><\/p>\n<p>Espero que disfruten de esta p\u00e1gina tanto como yo disfruto de ofrec\u00e9rosla.<\/p>\n<p><iframe loading=\"lazy\" title=\"Keyline para pomar na \u00e1rea de S\u00e3o Luis, Portugal\" width=\"1170\" height=\"658\" src=\"https:\/\/www.youtube.com\/embed\/rzgQXFt1cvo?feature=oembed\" frameborder=\"0\" allow=\"accelerometer; autoplay; clipboard-write; encrypted-media; gyroscope; picture-in-picture; web-share\" referrerpolicy=\"strict-origin-when-cross-origin\" allowfullscreen><\/iframe><\/p>\n<p><iframe loading=\"lazy\" title=\"Simulaci\u00f3n Crecimiento reforestaci\u00f3n en L\u00ednea Clave Parte II\" width=\"1170\" height=\"658\" src=\"https:\/\/www.youtube.com\/embed\/8d60U5Qk7OQ?feature=oembed\" frameborder=\"0\" allow=\"accelerometer; autoplay; clipboard-write; encrypted-media; gyroscope; picture-in-picture; web-share\" referrerpolicy=\"strict-origin-when-cross-origin\" allowfullscreen><\/iframe><\/p>\n<p><iframe loading=\"lazy\" title=\"Dise\u00f1o Keyline sobre Vi\u00f1edo\" width=\"1170\" height=\"658\" src=\"https:\/\/www.youtube.com\/embed\/LM7-7il0C_Q?feature=oembed\" frameborder=\"0\" allow=\"accelerometer; autoplay; clipboard-write; encrypted-media; gyroscope; picture-in-picture; web-share\" referrerpolicy=\"strict-origin-when-cross-origin\" allowfullscreen><\/iframe><\/p>\n<p>Jes\u00fas Ruiz G\u00e1mez<\/p>\n<\/div>\n","protected":false},"excerpt":{"rendered":"<p>Bienvenido a L\u00ednea Clave Esta web parte de la idea de Jes\u00fas Ruiz, conocedor experto de L\u00ednea Clave desde el 2007 y la persona m\u00e1s veterana y experimentada sobre el [&hellip;]<\/p>\n","protected":false},"author":1,"featured_media":0,"parent":0,"menu_order":0,"comment_status":"closed","ping_status":"closed","template":"","meta":{"footnotes":""},"class_list":["post-505","page","type-page","status-publish","czr-hentry"],"_links":{"self":[{"href":"http:\/\/www.lineaclave.org\/web\/wp-json\/wp\/v2\/pages\/505","targetHints":{"allow":["GET"]}}],"collection":[{"href":"http:\/\/www.lineaclave.org\/web\/wp-json\/wp\/v2\/pages"}],"about":[{"href":"http:\/\/www.lineaclave.org\/web\/wp-json\/wp\/v2\/types\/page"}],"author":[{"embeddable":true,"href":"http:\/\/www.lineaclave.org\/web\/wp-json\/wp\/v2\/users\/1"}],"replies":[{"embeddable":true,"href":"http:\/\/www.lineaclave.org\/web\/wp-json\/wp\/v2\/comments?post=505"}],"version-history":[{"count":30,"href":"http:\/\/www.lineaclave.org\/web\/wp-json\/wp\/v2\/pages\/505\/revisions"}],"predecessor-version":[{"id":3022,"href":"http:\/\/www.lineaclave.org\/web\/wp-json\/wp\/v2\/pages\/505\/revisions\/3022"}],"wp:attachment":[{"href":"http:\/\/www.lineaclave.org\/web\/wp-json\/wp\/v2\/media?parent=505"}],"curies":[{"name":"wp","href":"https:\/\/api.w.org\/{rel}","templated":true}]}}