{"id":608,"date":"2016-03-09T21:02:36","date_gmt":"2016-03-09T20:02:36","guid":{"rendered":"http:\/\/www.lineaclave.org\/web\/?page_id=608"},"modified":"2020-11-10T10:57:30","modified_gmt":"2020-11-10T09:57:30","slug":"proximos-cursos","status":"publish","type":"page","link":"http:\/\/www.lineaclave.org\/web\/proximos-cursos\/","title":{"rendered":"Pr\u00f3ximos cursos"},"content":{"rendered":"\n<h3 class=\"wp-block-heading\"><br><\/h3>\n\n\n\n<h2 class=\"wp-block-heading\">2019 &#8211;&gt;  29 y 30 Marzo de 9.30h a 19.00h \/ 31 Marzo de 9.00h a 14.00h<\/h2>\n\n\n\n<ul class=\"wp-block-list\"><li><strong>Sesi\u00f3n 1<\/strong> Introducci\u00f3n. El suelo como organismo vivo. El problema de la erosi\u00f3n y el<br>stress h\u00eddrico.<\/li><li><strong>Sesi\u00f3n 2 <\/strong>Introducci\u00f3n a la Topograf\u00eda<\/li><li><strong>Sesi\u00f3n 3<\/strong> Pr\u00e1cticas de campo:<\/li><li>Introducci\u00f3n a los tipos de niveles.<\/li><li>Nivel de mano, bunyip o manguera, l\u00e1ser.<\/li><li>Trazado de curvas a nivel con nivel de manguera.<\/li><li>Trazado con nivel l\u00e1ser.<\/li><li>Equidistancias entre curvas de nivel.<\/li><li>C\u00f3mo crear un mapa con un GPS de mano o Smartphone y un nivel l\u00e1ser o de manguera.<br> <\/li><\/ul>\n\n\n\n<ul class=\"wp-block-list\"><li><strong>Sesi\u00f3n 4 <\/strong>Pr\u00e1ctica de campo. Introducci\u00f3n a la L\u00ednea Clave. Curvas a desnivel.&nbsp;&nbsp;<\/li><li><strong>Sesi\u00f3n 5 <\/strong>Pr\u00e1ctica de campo. Uso de arado tipo Yeomans. HE-VA Grass-tiller.<\/li><li><strong>Sesi\u00f3n 6&nbsp;<\/strong>Introducci\u00f3n al Keyline, la escala de Permanencia.&nbsp;<\/li><li><strong>Sesi\u00f3n 7&nbsp;<\/strong>Maquinaria para Regeneraci\u00f3n de suelos, ejemplos de dise\u00f1os en Espa\u00f1a y<br>Portugal.<\/li><li><strong>Sesi\u00f3n 8<\/strong>&nbsp;Pr\u00e1ctica de dise\u00f1o, estudio de planos \ntopogr\u00e1ficos. Pr\u00e1ctica de dise\u00f1o; descodificaci\u00f3n de terrenos y \ndeterminaci\u00f3n de L\u00edneas Clave. Dise\u00f1o de terrenos,&nbsp;asignaci\u00f3n de \u00e1reas \nde Captaci\u00f3n con maderables, infiltraci\u00f3n con frutales, riego con \ncultivos anuales y aprovechamiento con aut\u00f3ctonas. Dise\u00f1o de vi\u00f1edos y \notras le\u00f1osas.<\/li><li><strong>Sesi\u00f3n 9<\/strong>&nbsp;Entrega de Dise\u00f1os, preguntas y respuestas.<\/li><\/ul>\n\n\n\n<p><strong>LUGAR:<\/strong> E.F.A. LA MALVESIA.&nbsp;            LL\u00c1MANOS PARA M\u00c1S INFORMACI\u00d3N <a href=\"tel:+34962550420\">962 55 04 20<\/a><\/p>\n\n\n\n<figure class=\"wp-block-embed-wordpress wp-block-embed is-type-wp-embed is-provider-efa-la-malvesia\"><div class=\"wp-block-embed__wrapper\">\n<blockquote class=\"wp-embedded-content\" data-secret=\"xm3Q1vWuGb\"><a href=\"https:\/\/www.malvesia.es\/curso-diseno-hidrologico-fincas\/\">Dise\u00f1o Hidrol\u00f3gico de Fincas<\/a><\/blockquote><iframe loading=\"lazy\" class=\"wp-embedded-content\" sandbox=\"allow-scripts\" security=\"restricted\" style=\"position: absolute; clip: rect(1px, 1px, 1px, 1px);\" title=\"\u00abDise\u00f1o Hidrol\u00f3gico de Fincas\u00bb \u2014 EFA La Malvesia\" src=\"https:\/\/www.malvesia.es\/curso-diseno-hidrologico-fincas\/embed\/#?secret=xm3Q1vWuGb\" data-secret=\"xm3Q1vWuGb\" width=\"600\" height=\"338\" frameborder=\"0\" marginwidth=\"0\" marginheight=\"0\" scrolling=\"no\"><\/iframe>\n<\/div><\/figure>\n","protected":false},"excerpt":{"rendered":"<p>2019 &#8211;&gt; 29 y 30 Marzo de 9.30h a 19.00h \/ 31 Marzo de 9.00h a 14.00h Sesi\u00f3n 1 Introducci\u00f3n. El suelo como organismo vivo. El problema de la erosi\u00f3n [&hellip;]<\/p>\n","protected":false},"author":1,"featured_media":2118,"parent":0,"menu_order":0,"comment_status":"closed","ping_status":"closed","template":"","meta":{"footnotes":""},"class_list":["post-608","page","type-page","status-publish","has-post-thumbnail","czr-hentry"],"_links":{"self":[{"href":"http:\/\/www.lineaclave.org\/web\/wp-json\/wp\/v2\/pages\/608","targetHints":{"allow":["GET"]}}],"collection":[{"href":"http:\/\/www.lineaclave.org\/web\/wp-json\/wp\/v2\/pages"}],"about":[{"href":"http:\/\/www.lineaclave.org\/web\/wp-json\/wp\/v2\/types\/page"}],"author":[{"embeddable":true,"href":"http:\/\/www.lineaclave.org\/web\/wp-json\/wp\/v2\/users\/1"}],"replies":[{"embeddable":true,"href":"http:\/\/www.lineaclave.org\/web\/wp-json\/wp\/v2\/comments?post=608"}],"version-history":[{"count":15,"href":"http:\/\/www.lineaclave.org\/web\/wp-json\/wp\/v2\/pages\/608\/revisions"}],"predecessor-version":[{"id":3018,"href":"http:\/\/www.lineaclave.org\/web\/wp-json\/wp\/v2\/pages\/608\/revisions\/3018"}],"wp:featuredmedia":[{"embeddable":true,"href":"http:\/\/www.lineaclave.org\/web\/wp-json\/wp\/v2\/media\/2118"}],"wp:attachment":[{"href":"http:\/\/www.lineaclave.org\/web\/wp-json\/wp\/v2\/media?parent=608"}],"curies":[{"name":"wp","href":"https:\/\/api.w.org\/{rel}","templated":true}]}}