{"id":919,"date":"2016-03-19T12:33:05","date_gmt":"2016-03-19T11:33:05","guid":{"rendered":"http:\/\/www.lineaclave.org\/web\/?page_id=919"},"modified":"2022-11-23T10:25:24","modified_gmt":"2022-11-23T09:25:24","slug":"consultoria","status":"publish","type":"page","link":"http:\/\/www.lineaclave.org\/web\/consultoria\/","title":{"rendered":"Consultoria"},"content":{"rendered":"\n\n\n<p><\/p>\n\n\n\n<h1 class=\"wp-block-heading\">Consultor\u00eda en Permacultura y creaci\u00f3n de dise\u00f1os en L\u00ednea Clave (Keyline)<\/h1>\n\n\n\n<h3 class=\"wp-block-heading\">\u00bfQu\u00e9 puede aportar Jes\u00fas Ruiz a su dise\u00f1o?<\/h3>\n\n\n<div class=\"wp-block-image\">\n<figure class=\"alignleft\"><img loading=\"lazy\" decoding=\"async\" width=\"250\" height=\"322\" src=\"http:\/\/www.lineaclave.org\/web\/wp-content\/uploads\/2016\/03\/JR2.jpg\" alt=\"JR2\" class=\"wp-image-1015\" srcset=\"http:\/\/www.lineaclave.org\/web\/wp-content\/uploads\/2016\/03\/JR2.jpg 250w, http:\/\/www.lineaclave.org\/web\/wp-content\/uploads\/2016\/03\/JR2-233x300.jpg 233w\" sizes=\"auto, (max-width: 250px) 100vw, 250px\" \/><\/figure>\n<\/div>\n\n\n<p>Alumno de Darren Doherty y , comenz\u00f3 su camino en el mundo de la permacultura en el 2007 y desde entonces su pensamiento ha sido el de <strong>demostrar que los sistemas de la permacultura funcionan en el clima mediterraneo<\/strong>. Opt\u00f3 por comprar el hasta hoy el \u00fanico apero Keyline Yeomans Plow que existe en Espa\u00f1a, y con \u00e9l viaja transportado con remolque all\u00e1 donde se lo pidan, para peque\u00f1os proyectos (&lt; 2Has) as\u00ed como grandes (400Has). Y lo ha remodelado para poder sembrar y aplicar biofertilizantes al mismo momento.<\/p>\n\n\n<div class=\"wp-block-image\">\n<figure class=\"aligncenter\"><img loading=\"lazy\" decoding=\"async\" width=\"1000\" height=\"906\" src=\"http:\/\/www.lineaclave.org\/web\/wp-content\/uploads\/2016\/03\/Miyeomans.jpg\" alt=\"Miyeomans\" class=\"wp-image-1018\" srcset=\"http:\/\/www.lineaclave.org\/web\/wp-content\/uploads\/2016\/03\/Miyeomans.jpg 1000w, http:\/\/www.lineaclave.org\/web\/wp-content\/uploads\/2016\/03\/Miyeomans-300x272.jpg 300w\" sizes=\"auto, (max-width: 1000px) 100vw, 1000px\" \/><\/figure>\n<\/div>\n\n\n<p>Sus diferentes conocimientos en \u00e1reas como la inform\u00e1tica, la cartograf\u00eda, los SIG, el CAD, la topograf\u00eda, la agroecolog\u00eda, el paisajismo y la permacultura lo hacen polifac\u00e9tico y le dotan de una perspectiva \u00fanica a la hora de ejecutar sus dise\u00f1os.<\/p>\n\n\n\n<figure class=\"wp-block-embed is-type-video is-provider-youtube wp-block-embed-youtube wp-embed-aspect-16-9 wp-has-aspect-ratio\"><div class=\"wp-block-embed__wrapper\">\n<iframe loading=\"lazy\" title=\"Keyline Forest garden. Freixo de Cima. Portugal...\" width=\"1170\" height=\"658\" src=\"https:\/\/www.youtube.com\/embed\/PMN4hRPte2s?feature=oembed\" frameborder=\"0\" allow=\"accelerometer; autoplay; clipboard-write; encrypted-media; gyroscope; picture-in-picture; web-share\" referrerpolicy=\"strict-origin-when-cross-origin\" allowfullscreen><\/iframe>\n<\/div><\/figure>\n\n\n\n<p>La experiencia de Jes\u00fas Ruiz en clima mediterraneo comienza a ser importante. Trabaja como permacultor desde el 2007 como freelance as\u00ed como impartiendo charlas a lo largo de toda la peninsula ib\u00e9rica, de permacultura, de nendo dango, de bosques comestibles y de l\u00ednea clave.<\/p>\n\n\n\n<p>Ha dise\u00f1ado sistemas de permacultura, bosques de alimentos as\u00ed como su especialidad patrones en l\u00ednea clave para diferentes \u00e1mbitos forestal, praderas permanentes y creaci\u00f3n de forest gardens.<\/p>\n\n\n\n<figure class=\"wp-block-embed is-type-video is-provider-youtube wp-block-embed-youtube wp-embed-aspect-16-9 wp-has-aspect-ratio\"><div class=\"wp-block-embed__wrapper\">\n<iframe loading=\"lazy\" title=\"Los tres primeros estratos de \u00e1rboles del bosque en estado climax\" width=\"1170\" height=\"658\" src=\"https:\/\/www.youtube.com\/embed\/La4S0MqV5GM?feature=oembed\" frameborder=\"0\" allow=\"accelerometer; autoplay; clipboard-write; encrypted-media; gyroscope; picture-in-picture; web-share\" referrerpolicy=\"strict-origin-when-cross-origin\" allowfullscreen><\/iframe>\n<\/div><\/figure>\n\n\n\n<p>Es el dise\u00f1ador y creador de la p\u00e1gina web de <a href=\"..\/\">www.lineaclave.org<\/a> y es un punto de referencia mundial del sistema de l\u00ednea clave en habla castellana, donde no s\u00f3lo hace la labor de mantenimiento y actualizaci\u00f3n sino que realiza traducciones de documentales y de documentos del mundo de la permacultura, manejo hol\u00edstico, pasture cropping, agricultura de carbono, etc&#8230; para que sea conocida en el mundo castellanoparlante. En la p\u00e1gina web se encuentran interesantes documentos de la agricultura ecol\u00f3gica para poder consultar y un programa inform\u00e1tico con el podremos resolver los enigm\u00e1ticos puzzles de las rotaciones en agricultura&#8230;<\/p>\n\n\n\n<figure class=\"wp-block-embed is-type-video is-provider-youtube wp-block-embed-youtube wp-embed-aspect-16-9 wp-has-aspect-ratio\"><div class=\"wp-block-embed__wrapper\">\n<iframe loading=\"lazy\" title=\"Parcela tipo permacultura y estudio sombras en dos \u00e9pocas del a\u00f1o\" width=\"1170\" height=\"658\" src=\"https:\/\/www.youtube.com\/embed\/qta9bED40bU?feature=oembed\" frameborder=\"0\" allow=\"accelerometer; autoplay; clipboard-write; encrypted-media; gyroscope; picture-in-picture; web-share\" referrerpolicy=\"strict-origin-when-cross-origin\" allowfullscreen><\/iframe>\n<\/div><\/figure>\n\n\n\n<p><strong>\u00bf En qu\u00e9 consistir\u00e1 la primera consultor\u00eda?<\/strong><\/p>\n\n\n\n<p>Hay que conocer las necesidades reales del cliente, se le hace una entrevista y se preguntan todos los pormenores de la parcela (suelo, clima, vegetaci\u00f3n, alimentaci\u00f3n, construcciones, trabajo, econom\u00eda, regi\u00f3n, etc&#8230;) y\u00a0 luego qu\u00e9 es la visi\u00f3n a largo plazo de tal forma que se \u00abbaja a la tierra\u00bb y se ve el proyecto m\u00e1s realista seg\u00fan sus posibilidades. Hay que tener en cuenta que la fase de dise\u00f1o que es crucial y para la toda la vida, y la inversi\u00f3n monetaria de la consultor\u00eda le supondr\u00e1\u00a0 s\u00f3lo un peque\u00f1o porcentaje respecto al total final.<\/p>\n\n\n\n<p>Para ello ser\u00eda interesante que el cliente aportara los planos de la parcela o supiera las referencias catastrales de las mismas. De esta forma si el cliente posee los planos se realiza un estudio pormenorizado de zonas y posibilidades en base a la permacultura.<\/p>\n\n\n\n<figure class=\"wp-block-embed is-type-video is-provider-youtube wp-block-embed-youtube wp-embed-aspect-16-9 wp-has-aspect-ratio\"><div class=\"wp-block-embed__wrapper\">\n<iframe loading=\"lazy\" title=\"vista general\" width=\"1170\" height=\"658\" src=\"https:\/\/www.youtube.com\/embed\/QL7dZ_eAnAY?feature=oembed\" frameborder=\"0\" allow=\"accelerometer; autoplay; clipboard-write; encrypted-media; gyroscope; picture-in-picture; web-share\" referrerpolicy=\"strict-origin-when-cross-origin\" allowfullscreen><\/iframe>\n<\/div><\/figure>\n\n\n<div class=\"wp-block-image\">\n<figure class=\"aligncenter\"><img loading=\"lazy\" decoding=\"async\" width=\"3455\" height=\"1265\" src=\"http:\/\/www.lineaclave.org\/web\/wp-content\/uploads\/2017\/01\/image4555.png\" alt=\"\" class=\"wp-image-1756\" srcset=\"http:\/\/www.lineaclave.org\/web\/wp-content\/uploads\/2017\/01\/image4555.png 3455w, http:\/\/www.lineaclave.org\/web\/wp-content\/uploads\/2017\/01\/image4555-300x110.png 300w, http:\/\/www.lineaclave.org\/web\/wp-content\/uploads\/2017\/01\/image4555-1600x586.png 1600w\" sizes=\"auto, (max-width: 3455px) 100vw, 3455px\" \/><\/figure>\n<\/div>\n\n<div class=\"wp-block-image\">\n<figure class=\"aligncenter\"><img loading=\"lazy\" decoding=\"async\" width=\"1920\" height=\"1200\" src=\"http:\/\/www.lineaclave.org\/web\/wp-content\/uploads\/2016\/03\/LaCeramica.jpg\" alt=\"\" class=\"wp-image-1773\" srcset=\"http:\/\/www.lineaclave.org\/web\/wp-content\/uploads\/2016\/03\/LaCeramica.jpg 1920w, http:\/\/www.lineaclave.org\/web\/wp-content\/uploads\/2016\/03\/LaCeramica-300x188.jpg 300w, http:\/\/www.lineaclave.org\/web\/wp-content\/uploads\/2016\/03\/LaCeramica-1600x1000.jpg 1600w\" sizes=\"auto, (max-width: 1920px) 100vw, 1920px\" \/><\/figure>\n<\/div>\n\n<div class=\"wp-block-image\">\n<figure class=\"aligncenter\"><img loading=\"lazy\" decoding=\"async\" width=\"1920\" height=\"1200\" src=\"http:\/\/www.lineaclave.org\/web\/wp-content\/uploads\/2016\/03\/losquintos.jpg\" alt=\"\" class=\"wp-image-1774\" srcset=\"http:\/\/www.lineaclave.org\/web\/wp-content\/uploads\/2016\/03\/losquintos.jpg 1920w, http:\/\/www.lineaclave.org\/web\/wp-content\/uploads\/2016\/03\/losquintos-300x188.jpg 300w, http:\/\/www.lineaclave.org\/web\/wp-content\/uploads\/2016\/03\/losquintos-1600x1000.jpg 1600w\" sizes=\"auto, (max-width: 1920px) 100vw, 1920px\" \/><\/figure>\n<\/div>\n\n<div class=\"wp-block-image\">\n<figure class=\"aligncenter\"><img loading=\"lazy\" decoding=\"async\" width=\"1681\" height=\"911\" src=\"http:\/\/www.lineaclave.org\/web\/wp-content\/uploads\/2016\/03\/Vi\u00f1edo5.jpg\" alt=\"\" class=\"wp-image-1775\" srcset=\"http:\/\/www.lineaclave.org\/web\/wp-content\/uploads\/2016\/03\/Vi\u00f1edo5.jpg 1681w, http:\/\/www.lineaclave.org\/web\/wp-content\/uploads\/2016\/03\/Vi\u00f1edo5-300x163.jpg 300w, http:\/\/www.lineaclave.org\/web\/wp-content\/uploads\/2016\/03\/Vi\u00f1edo5-1600x867.jpg 1600w\" sizes=\"auto, (max-width: 1681px) 100vw, 1681px\" \/><\/figure>\n<\/div>\n\n<div class=\"wp-block-image\">\n<figure class=\"aligncenter\"><img loading=\"lazy\" decoding=\"async\" width=\"3162\" height=\"2160\" src=\"http:\/\/www.lineaclave.org\/web\/wp-content\/uploads\/2016\/03\/Freixo02.jpg\" alt=\"\" class=\"wp-image-1776\" srcset=\"http:\/\/www.lineaclave.org\/web\/wp-content\/uploads\/2016\/03\/Freixo02.jpg 3162w, http:\/\/www.lineaclave.org\/web\/wp-content\/uploads\/2016\/03\/Freixo02-300x205.jpg 300w, http:\/\/www.lineaclave.org\/web\/wp-content\/uploads\/2016\/03\/Freixo02-1600x1093.jpg 1600w\" sizes=\"auto, (max-width: 3162px) 100vw, 3162px\" \/><\/figure>\n<\/div>\n\n<div class=\"wp-block-image\">\n<figure class=\"aligncenter\"><img loading=\"lazy\" decoding=\"async\" width=\"1218\" height=\"702\" src=\"http:\/\/www.lineaclave.org\/web\/wp-content\/uploads\/2016\/03\/Freixo1-copia.jpg\" alt=\"\" class=\"wp-image-1777\" srcset=\"http:\/\/www.lineaclave.org\/web\/wp-content\/uploads\/2016\/03\/Freixo1-copia.jpg 1218w, http:\/\/www.lineaclave.org\/web\/wp-content\/uploads\/2016\/03\/Freixo1-copia-300x173.jpg 300w\" sizes=\"auto, (max-width: 1218px) 100vw, 1218px\" \/><\/figure>\n<\/div>\n\n<div class=\"wp-block-image\">\n<figure class=\"aligncenter\"><img loading=\"lazy\" decoding=\"async\" width=\"3000\" height=\"1764\" src=\"http:\/\/www.lineaclave.org\/web\/wp-content\/uploads\/2016\/03\/export.png\" alt=\"\" class=\"wp-image-1778\" srcset=\"http:\/\/www.lineaclave.org\/web\/wp-content\/uploads\/2016\/03\/export.png 3000w, http:\/\/www.lineaclave.org\/web\/wp-content\/uploads\/2016\/03\/export-300x176.png 300w, http:\/\/www.lineaclave.org\/web\/wp-content\/uploads\/2016\/03\/export-1600x941.png 1600w\" sizes=\"auto, (max-width: 3000px) 100vw, 3000px\" \/><\/figure>\n<\/div>","protected":false},"excerpt":{"rendered":"<p>Consultor\u00eda en Permacultura y creaci\u00f3n de dise\u00f1os en L\u00ednea Clave (Keyline) \u00bfQu\u00e9 puede aportar Jes\u00fas Ruiz a su dise\u00f1o? Alumno de Darren Doherty y , comenz\u00f3 su camino en el [&hellip;]<\/p>\n","protected":false},"author":1,"featured_media":0,"parent":0,"menu_order":0,"comment_status":"closed","ping_status":"closed","template":"","meta":{"footnotes":""},"class_list":["post-919","page","type-page","status-publish","czr-hentry"],"_links":{"self":[{"href":"http:\/\/www.lineaclave.org\/web\/wp-json\/wp\/v2\/pages\/919","targetHints":{"allow":["GET"]}}],"collection":[{"href":"http:\/\/www.lineaclave.org\/web\/wp-json\/wp\/v2\/pages"}],"about":[{"href":"http:\/\/www.lineaclave.org\/web\/wp-json\/wp\/v2\/types\/page"}],"author":[{"embeddable":true,"href":"http:\/\/www.lineaclave.org\/web\/wp-json\/wp\/v2\/users\/1"}],"replies":[{"embeddable":true,"href":"http:\/\/www.lineaclave.org\/web\/wp-json\/wp\/v2\/comments?post=919"}],"version-history":[{"count":15,"href":"http:\/\/www.lineaclave.org\/web\/wp-json\/wp\/v2\/pages\/919\/revisions"}],"predecessor-version":[{"id":3026,"href":"http:\/\/www.lineaclave.org\/web\/wp-json\/wp\/v2\/pages\/919\/revisions\/3026"}],"wp:attachment":[{"href":"http:\/\/www.lineaclave.org\/web\/wp-json\/wp\/v2\/media?parent=919"}],"curies":[{"name":"wp","href":"https:\/\/api.w.org\/{rel}","templated":true}]}}