{"id":973,"date":"2016-03-30T12:02:01","date_gmt":"2016-03-30T11:02:01","guid":{"rendered":"http:\/\/www.lineaclave.org\/wordpress\/?page_id=973"},"modified":"2016-03-30T12:02:01","modified_gmt":"2016-03-30T11:02:01","slug":"granja-sunrise","status":"publish","type":"page","link":"http:\/\/www.lineaclave.org\/web\/granja-sunrise\/","title":{"rendered":"Granja Sunrise"},"content":{"rendered":"<p>Granja Sunrise<br \/>\nHace un par de d\u00e9cadas, unas personas con visi\u00f3n de futuro decidieron poner en marcha un curso de manejo hol\u00edstico dentro del sector agrario, a ellos se lo agradezco. La salida de ese replanteamiento de la agricultura de los pa\u00edses industrializados pueden verse en el \u00e9xito y la influencia de Ron Hamilton (Ep. 4), Lundgard Pedro (Ep. 47), y sobre todo en el \u00e9xito de \u00e9ste de Don Ruzicka de la Granja de Sunrise.<\/p>\n<p>Me encuentro a m\u00ed mismo que carecen de la cantidad suficiente de adjetivos positivos para describir adecuadamente Don y su enfoque para compartir su experiencia en el mundo de la producci\u00f3n de alimentos &#8211; pero voy a tratar algunos de ellos: \u00e9l es apasionado, amable, gentil, generoso y muy subestimado en t\u00e9rminos de su perfil en la comunidad m\u00e1s amplia de alimentos. La gente de los alimentos, como estos productos deben ser las marcas que importan en la industria alimentaria &#8211; en este caso, no s\u00f3lo a causa de las pr\u00e1cticas de manejo de los animales, sino por la filosof\u00eda y enfoque de la custodia del territorio en general. Somos parte de la manera por ese camino de productor de rock convertirse estrella en Alberta, pero creo que hay algunos consumidores lavado de hacer, por lo que es una buena comercializaci\u00f3n, y donde las mejores pr\u00e1cticas se est\u00e1n reinventado &#8211; un motivador para m\u00ed personalmente a seguir visitando granjas y hacer preguntas con un balanceo c\u00e1mara. Don es el problema real<\/p>\n<p><iframe loading=\"lazy\" width=\"1170\" height=\"658\" src=\"https:\/\/www.youtube.com\/embed\/htQYORi4gLw?feature=oembed\" frameborder=\"0\" allowfullscreen><\/iframe><\/p>\n","protected":false},"excerpt":{"rendered":"<p>Granja Sunrise Hace un par de d\u00e9cadas, unas personas con visi\u00f3n de futuro decidieron poner en marcha un curso de manejo hol\u00edstico dentro del sector agrario, a ellos se lo [&hellip;]<\/p>\n","protected":false},"author":1,"featured_media":0,"parent":0,"menu_order":0,"comment_status":"closed","ping_status":"closed","template":"","meta":{"footnotes":""},"class_list":["post-973","page","type-page","status-publish","czr-hentry"],"_links":{"self":[{"href":"http:\/\/www.lineaclave.org\/web\/wp-json\/wp\/v2\/pages\/973","targetHints":{"allow":["GET"]}}],"collection":[{"href":"http:\/\/www.lineaclave.org\/web\/wp-json\/wp\/v2\/pages"}],"about":[{"href":"http:\/\/www.lineaclave.org\/web\/wp-json\/wp\/v2\/types\/page"}],"author":[{"embeddable":true,"href":"http:\/\/www.lineaclave.org\/web\/wp-json\/wp\/v2\/users\/1"}],"replies":[{"embeddable":true,"href":"http:\/\/www.lineaclave.org\/web\/wp-json\/wp\/v2\/comments?post=973"}],"version-history":[{"count":1,"href":"http:\/\/www.lineaclave.org\/web\/wp-json\/wp\/v2\/pages\/973\/revisions"}],"predecessor-version":[{"id":974,"href":"http:\/\/www.lineaclave.org\/web\/wp-json\/wp\/v2\/pages\/973\/revisions\/974"}],"wp:attachment":[{"href":"http:\/\/www.lineaclave.org\/web\/wp-json\/wp\/v2\/media?parent=973"}],"curies":[{"name":"wp","href":"https:\/\/api.w.org\/{rel}","templated":true}]}}