{"id":979,"date":"2016-03-30T12:04:02","date_gmt":"2016-03-30T11:04:02","guid":{"rendered":"http:\/\/www.lineaclave.org\/wordpress\/?page_id=979"},"modified":"2016-04-13T19:41:02","modified_gmt":"2016-04-13T18:41:02","slug":"kirk-gadzia-visiones-regeneradoras","status":"publish","type":"page","link":"http:\/\/www.lineaclave.org\/web\/kirk-gadzia-visiones-regeneradoras\/","title":{"rendered":"Kirk Gadzia"},"content":{"rendered":"<p>Resiliencia Agrovisual acudi\u00f3 al curso sobre Manejo Hol\u00edstico que imparti\u00f3 Kirk Gadzia en la Finca La Donaira en Abril del 2102 y tuvo la oportunidad de charlar largo y tendido con \u00e9l.<br \/>\nEn este corto monogr\u00e1fico, Kirk nos habla del Manejo Hol\u00edstico, una de las metodolog\u00edas de la Agricultura Regenerativa que consiste en imitar a la naturaleza para integrar animales herb\u00edvoros en cultivos y pastos, aprovechando todos los servicios que los animales ofrecen: comen la hierba, pisotean y estercolan el suelo&#8230;y avanzan cada d\u00eda, al igual que las grandes manadas salvajes, para no volver al mismo lugar antes de que el pasto se haya recuperado. Este ciclo incrementa dram\u00e1ticamente la fertilidad del suelo en lugar de empobrecerlo al sobre-pastar las praderas. Todos estos beneficios, y m\u00e1s, se logran haciendo un buen Plan de Pastoreo que tenga en cuenta todos los factores implicados.<br \/>\nPero el Manejo Hol\u00edstico es mucho m\u00e1s que gesti\u00f3n de ganado&#8230; incluye todo un proceso de an\u00e1lisis y toma de decisiones con el fin de lograr unos objetivos econ\u00f3micos, ecol\u00f3gicos y de calidad de vida de las personas que llevan una explotaci\u00f3n agr\u00edcola.<\/p>\n<p><iframe loading=\"lazy\" src=\"https:\/\/player.vimeo.com\/video\/55048073\" width=\"640\" height=\"360\" frameborder=\"0\" title=\"MANEJO HOL&Iacute;STICO, Kirk Gadzia\" webkitallowfullscreen mozallowfullscreen allowfullscreen><\/iframe><\/p>\n","protected":false},"excerpt":{"rendered":"<p>Resiliencia Agrovisual acudi\u00f3 al curso sobre Manejo Hol\u00edstico que imparti\u00f3 Kirk Gadzia en la Finca La Donaira en Abril del 2102 y tuvo la oportunidad de charlar largo y tendido [&hellip;]<\/p>\n","protected":false},"author":1,"featured_media":0,"parent":0,"menu_order":0,"comment_status":"closed","ping_status":"closed","template":"","meta":{"footnotes":""},"class_list":["post-979","page","type-page","status-publish","czr-hentry"],"_links":{"self":[{"href":"http:\/\/www.lineaclave.org\/web\/wp-json\/wp\/v2\/pages\/979","targetHints":{"allow":["GET"]}}],"collection":[{"href":"http:\/\/www.lineaclave.org\/web\/wp-json\/wp\/v2\/pages"}],"about":[{"href":"http:\/\/www.lineaclave.org\/web\/wp-json\/wp\/v2\/types\/page"}],"author":[{"embeddable":true,"href":"http:\/\/www.lineaclave.org\/web\/wp-json\/wp\/v2\/users\/1"}],"replies":[{"embeddable":true,"href":"http:\/\/www.lineaclave.org\/web\/wp-json\/wp\/v2\/comments?post=979"}],"version-history":[{"count":3,"href":"http:\/\/www.lineaclave.org\/web\/wp-json\/wp\/v2\/pages\/979\/revisions"}],"predecessor-version":[{"id":1574,"href":"http:\/\/www.lineaclave.org\/web\/wp-json\/wp\/v2\/pages\/979\/revisions\/1574"}],"wp:attachment":[{"href":"http:\/\/www.lineaclave.org\/web\/wp-json\/wp\/v2\/media?parent=979"}],"curies":[{"name":"wp","href":"https:\/\/api.w.org\/{rel}","templated":true}]}}