{"id":981,"date":"2016-03-30T12:05:59","date_gmt":"2016-03-30T11:05:59","guid":{"rendered":"http:\/\/www.lineaclave.org\/wordpress\/?page_id=981"},"modified":"2016-04-13T19:38:12","modified_gmt":"2016-04-13T18:38:12","slug":"granjas-polifaceticas","status":"publish","type":"page","link":"http:\/\/www.lineaclave.org\/web\/granjas-polifaceticas\/","title":{"rendered":"Granjas Polifac\u00e9ticas"},"content":{"rendered":"<div align=\"center\">\n<div style=\"text-align: left;\"><span style=\"font-size: 14pt;\"><strong>Granjas polifac\u00e9ticas<\/strong><\/span><\/div>\n<table style=\"border-color: #f5e9c2; border-collapse: collapse; border-style: hidden; width: 798px; height: 301px;\">\n<tbody>\n<tr>\n<td style=\"text-align: justify; width: 380px;\" align=\"right\" valign=\"top\"><span style=\"font-size: 12pt;\"> Este tipo de explotaciones se basa en crear mercado local de todos sus productos, se anima a la gente a comprar de forma local para salvar a las peque\u00f1as empresas porque es ventajoso que los consumidores sepan sobre sus proveedores locales y de d\u00f3nde provienen sus alimentos.<\/span><br \/>\n<span style=\"font-size: 12pt;\"> El ecosistema de la finca se basa en el principio de la observaci\u00f3n de las actividades de los animales en la naturaleza y emula las condiciones en la medida de lo posible. Se hace pastar al ganado en los pastos al aire libre, en pastores el\u00e9ctricos cerrados en los que se mueven con facilidad y todos los d\u00edas a las 16:00h en un sistema de pastoreo rotativo establecido.<\/span><\/td>\n<td><\/td>\n<td style=\"text-align: justify; width: 380px;\"><span style=\"font-size: 12pt;\"> El esti\u00e9rcol animal fertiliza los pastos y permite a las granjas polifac\u00e9ticas a concentrar pastando unas cuatro veces m\u00e1s cantidad de ganado que en una granja convencional, por lo tanto tambi\u00e9n supone un ahorro en los costos de alimentaci\u00f3n. Y debido al relativamente peque\u00f1o tama\u00f1o del cercado de pastores el\u00e9ctricos en los pastos, el ganado se ve obligado a comerse toda la hierba de un mismo lugar. Uno de los principios es que las plantas y los animales deben ser siempre un h\u00e1bitat que les permite expresar su peculiaridad fisiol\u00f3gica.<\/span><\/td>\n<\/tr>\n<\/tbody>\n<\/table>\n<\/div>\n<div align=\"center\"><img loading=\"lazy\" decoding=\"async\" class=\"aligncenter wp-image-983 size-full\" src=\"http:\/\/www.lineaclave.org\/web\/wp-content\/uploads\/2016\/03\/PolyfaceFarms.png\" alt=\"PolyfaceFarms\" width=\"1587\" height=\"1183\" srcset=\"http:\/\/www.lineaclave.org\/web\/wp-content\/uploads\/2016\/03\/PolyfaceFarms.png 1587w, http:\/\/www.lineaclave.org\/web\/wp-content\/uploads\/2016\/03\/PolyfaceFarms-300x224.png 300w, http:\/\/www.lineaclave.org\/web\/wp-content\/uploads\/2016\/03\/PolyfaceFarms-1024x763.png 1024w\" sizes=\"auto, (max-width: 1587px) 100vw, 1587px\" \/><\/div>\n<div align=\"center\"><\/div>\n<div align=\"center\">\n<table style=\"width: 798px; height: 350px; border: 0px hidden #f5e9c2;\" border=\"0\">\n<tbody>\n<tr>\n<td style=\"text-align: justify; width: 380px;\" valign=\"top\"><span style=\"font-size: 12pt;\"> Se hace cr\u00eda de vacuno, pollos, gallinas ponedoras, cerdos, pavos y conejos. Esta diversidad de producci\u00f3n se utiliza para mejorar el pasto, de esta forma se logra romper con los ciclos de pat\u00f3genos y se crean m\u00faltiples flujos de ingresos. Los pollos de carne que se encuentran en refugios de campo port\u00e1tiles se les mueven a diario a una \u00abbarra libre\u00bb de hierba fresca y nueva, lejos de sus excrementos de ayer. Todo el esti\u00e9rcol es distribuido por los pollos directamente en el campo. Sus gallinas ponedoras se alojan en casas m\u00f3viles que pueden ser remolcadas, se las incorpora justo cuatro d\u00edas despu\u00e9s que al ganado vacuno que es cuando hay pupas del esti\u00e9rcol generadas por las moscas, las gallinas acuden y se alimentan de ellas y as\u00ed un 15% de su alimentaci\u00f3n tiene esta procedencia. Mientras que las gallinas est\u00e1n escarbando el suelo en busca de las pupas est\u00e1n tambi\u00e9n distribuyendo el esti\u00e9rcol fresco de vaca por el campo.<\/span><\/td>\n<td><\/td>\n<td style=\"text-align: justify; width: 380px;\" valign=\"top\"><span style=\"font-size: 12pt;\"> S<\/span><span style=\"font-size: 12pt;\">e considera que si huele a esti\u00e9rcol en una granja de ganado es porque se hizo una mala gesti\u00f3n. Por lo tanto se hace todo lo posible para permitir que la hierba absorba toda la fertilizaci\u00f3n que dejaron los animales. Si los animales deben mantenerse en el interior (para calentar los polluelos j\u00f3venes, por ejemplo), se recomienda proporcionar cama profunda de astillas de madera o serr\u00edn para fijar qu\u00edmicamente en todos los nutrientes y el olor hasta que se pueda usar como un tipo de acolchado y se reparta en el campo.<\/span><br \/>\n<span style=\"font-size: 12pt;\"> Se evita que los productos se env\u00eden a larga distancia y se procura que sean vendedores locales y que est\u00e9n a menos de medio d\u00eda de la explotaci\u00f3n<\/span>&nbsp;<\/p>\n<p>&nbsp;<\/p>\n<p>&nbsp;<\/p>\n<p>&nbsp;<\/p>\n<p>&nbsp;<\/td>\n<\/tr>\n<\/tbody>\n<\/table>\n<\/div>\n<p><iframe loading=\"lazy\" title=\"Polyfaces: sanando la tierra, regenerando la econom\u00eda, inspirando al mundo! (Subt\u00edtulos en Espa\u00f1ol)\" width=\"1170\" height=\"658\" src=\"https:\/\/www.youtube.com\/embed\/AQ3BT63Ro14?feature=oembed\" frameborder=\"0\" allow=\"accelerometer; autoplay; clipboard-write; encrypted-media; gyroscope; picture-in-picture; web-share\" referrerpolicy=\"strict-origin-when-cross-origin\" allowfullscreen><\/iframe><\/p>\n<p><iframe loading=\"lazy\" title=\"Joel Salatin&#039;s 3 Farming Principles\" width=\"1170\" height=\"658\" src=\"https:\/\/www.youtube.com\/embed\/vaQ3hXkXVjY?feature=oembed\" frameborder=\"0\" allow=\"accelerometer; autoplay; clipboard-write; encrypted-media; gyroscope; picture-in-picture; web-share\" referrerpolicy=\"strict-origin-when-cross-origin\" allowfullscreen><\/iframe><\/p>\n","protected":false},"excerpt":{"rendered":"<p>Granjas polifac\u00e9ticas Este tipo de explotaciones se basa en crear mercado local de todos sus productos, se anima a la gente a comprar de forma local para salvar a las [&hellip;]<\/p>\n","protected":false},"author":1,"featured_media":0,"parent":0,"menu_order":0,"comment_status":"closed","ping_status":"closed","template":"","meta":{"footnotes":""},"class_list":["post-981","page","type-page","status-publish","czr-hentry"],"_links":{"self":[{"href":"http:\/\/www.lineaclave.org\/web\/wp-json\/wp\/v2\/pages\/981","targetHints":{"allow":["GET"]}}],"collection":[{"href":"http:\/\/www.lineaclave.org\/web\/wp-json\/wp\/v2\/pages"}],"about":[{"href":"http:\/\/www.lineaclave.org\/web\/wp-json\/wp\/v2\/types\/page"}],"author":[{"embeddable":true,"href":"http:\/\/www.lineaclave.org\/web\/wp-json\/wp\/v2\/users\/1"}],"replies":[{"embeddable":true,"href":"http:\/\/www.lineaclave.org\/web\/wp-json\/wp\/v2\/comments?post=981"}],"version-history":[{"count":5,"href":"http:\/\/www.lineaclave.org\/web\/wp-json\/wp\/v2\/pages\/981\/revisions"}],"predecessor-version":[{"id":1570,"href":"http:\/\/www.lineaclave.org\/web\/wp-json\/wp\/v2\/pages\/981\/revisions\/1570"}],"wp:attachment":[{"href":"http:\/\/www.lineaclave.org\/web\/wp-json\/wp\/v2\/media?parent=981"}],"curies":[{"name":"wp","href":"https:\/\/api.w.org\/{rel}","templated":true}]}}