{"id":594,"date":"2016-02-23T22:58:20","date_gmt":"2016-02-23T21:58:20","guid":{"rendered":"http:\/\/www.lineaclave.org\/web\/?page_id=594"},"modified":"2021-10-13T12:05:23","modified_gmt":"2021-10-13T11:05:23","slug":"descripcion-de-la-linea-clave","status":"publish","type":"page","link":"https:\/\/www.lineaclave.org\/web\/descripcion-de-la-linea-clave\/","title":{"rendered":"Descripci\u00f3n de la L\u00ednea Clave"},"content":{"rendered":"\n<h3 class=\"wp-block-heading\"><\/h3>\n\n\n\n<h3 class=\"wp-block-heading\"><span class=\"text1\">El cultivo en L\u00ednea Clave<\/span><\/h3>\n\n\n\n<p><\/p>\n\n\n\n<p>El cambio clim\u00e1tico, la gesti\u00f3n del agua y de las zonas arboladas y la econom\u00eda en el campo constituyen cuatro de los grandes problemas medioambientales en Espa\u00f1a. La ra\u00edz de todos ellos est\u00e1 en el suelo, en la tierra. Y en ella est\u00e1 enterrada tambi\u00e9n la soluci\u00f3n, que no es otra que \u201cdesarrollar un suelo f\u00e9rtil y biol\u00f3gicamente activo, capaz de retener el agua all\u00ed donde \u00e9sta cae y capaz de secuestrar enormes cantidades de CO2 atm\u00f3sferico\u201d.<\/p>\n\n\n\n<p><span style=\"text-decoration: underline;\">&nbsp;&nbsp; Aprender a dise\u00f1ar y gestionar inteligentemente el paisaje agr\u00edcola, con el fin de aprovechar al m\u00e1ximo los recursos h\u00eddricos y devolver al suelo su profundidad y fertilidad, es precisamente el objetivo del cultivo en l\u00ednea clave.<\/span><\/p>\n\n\n\n<p>Este sistema original, con un notable enfoque hol\u00edstico, fue desarrollado en los a\u00f1os 50 en Australia por P.A Yeomans ante la creciente erosi\u00f3n y desertificaci\u00f3n que observ\u00f3 en el paisaje australiano y que relacion\u00f3 con la agricultura. El Dise\u00f1o Keyline o de L\u00ednea Clave combina la captaci\u00f3n y conservaci\u00f3n del agua con t\u00e9cnicas de regeneraci\u00f3n de la tierra. Es capaz de restaurar r\u00e1pidamente suelos degradados y blindarlos a los efectos de la sequ\u00eda y considera beneficioso el uso de animales de pastoreo en el proceso. Si al Dise\u00f1o Keyline a\u00f1adimos la inteligente integraci\u00f3n de \u00e1rboles, tenemos un sistema capaz de satisfacer las necesidades econ\u00f3micas de los agricultores y ganaderos, las exigencias ecol\u00f3gicas de nuestros tiempos y jugar un papel importante en el secuestro del CO2.<\/p>\n\n\n\n<p>Se necesita aprender a leer el paisaje y descubrir las l\u00edneas naturales del agua y las curvas de nivel del terreno; dise\u00f1ar y construir l\u00edneas artificiales de agua, como presas, canales de desviaci\u00f3n y riego; iniciarse en el uso de la herramienta Keyline e identificar el Keypoint (punto clave) el punto de inflexi\u00f3n entre la forma convexa de la parte alta del valle y la parte c\u00f3ncava de la parte inferior.<\/p>\n\n\n\n<p>\u201cCon el dise\u00f1o Keyline aprendemos a mirar la agricultura de otra manera\u201d: \u201cContinuaremos teniendo el mismo agua que antes, pero la diferencia es que ahora, el agua se queda para que la usemos, en lugar de dejarla escapar. Ahora tendremos m\u00e1s plantas y por lo tanto m\u00e1s ra\u00edces. Y si todo eso lo gestionamos bien podemos ir creando suelo, secuestrando CO2, enriqueciendo el paisaje, estabilizando el clima e incrementando la rentabilidad de la aut\u00e9ntica agricultura\u201d<\/p>\n\n\n\n<blockquote class=\"wp-block-quote is-layout-flow wp-block-quote-is-layout-flow\"><p>&nbsp;&nbsp; Este sistema, intenta abarcar no s\u00f3lo el aspecto del manejo de suelos con pendiente, con un m\u00e9todo para simplificar el empleo de las curvas de nivel, sino que tambi\u00e9n comprende criterios biol\u00f3gicos y racionales aplicables a todos los suelos. Todo el sistema est\u00e1 basado en una l\u00ednea o l\u00edneas denominadas \u201cclaves\u201d. Se trata de lograr que toda la lluvia que caiga penetre en el suelo y se retarde su evaporaci\u00f3n para producir tierra f\u00e9rtil.<\/p><\/blockquote>\n\n\n\n<p>En la figura 3, la \u201cl\u00ednea clave\u201d est\u00e1 ubicada en la curva de nivel de los 70m. La l\u00ednea clave se extiende a ambos lados desde un cierto punto del valle y las laderas. Hacia arriba las curvas de nivel se aproximan y no hacia abajo. Hacia arriba las pendientes son mayores que hacia abajo de dicha l\u00ednea clave.<\/p>\n\n\n\n<figure class=\"wp-block-embed is-type-video is-provider-youtube wp-block-embed-youtube wp-embed-aspect-16-9 wp-has-aspect-ratio\"><div class=\"wp-block-embed__wrapper\">\n<iframe loading=\"lazy\" title=\"Explicaci\u00f3n de L\u00ednea Clave de forma cient\u00edfica usando modelo impreso en 3D\" width=\"1170\" height=\"658\" src=\"https:\/\/www.youtube.com\/embed\/C_6Hkl6zEJA?feature=oembed\" frameborder=\"0\" allow=\"accelerometer; autoplay; clipboard-write; encrypted-media; gyroscope; picture-in-picture; web-share\" referrerpolicy=\"strict-origin-when-cross-origin\" allowfullscreen><\/iframe>\n<\/div><\/figure>\n\n\n\n<p><strong>Figura 3.<\/strong> L\u00ednea clave<\/p>\n\n\n\n<div class=\"wp-block-image\"><figure class=\"aligncenter\"><img loading=\"lazy\" decoding=\"async\" width=\"648\" height=\"819\" src=\"http:\/\/www.lineaclave.org\/web\/wp-content\/uploads\/2016\/02\/grafico1.png\" alt=\"grafico1\" class=\"wp-image-1191\" srcset=\"https:\/\/www.lineaclave.org\/web\/wp-content\/uploads\/2016\/02\/grafico1.png 648w, https:\/\/www.lineaclave.org\/web\/wp-content\/uploads\/2016\/02\/grafico1-237x300.png 237w\" sizes=\"auto, (max-width: 648px) 100vw, 648px\" \/><\/figure><\/div>\n\n\n\n<p><em>Fuente: Yeomans, PA.. 2008<\/em><\/p>\n\n\n\n<p><strong>La absorci\u00f3n de agua como eje fundamental del sistema<\/strong><\/p>\n\n\n\n<p>Para cultivar en l\u00ednea clave se trata simplemente de hacer la \u00faltima labor paralela a la l\u00ednea clave. En consecuencia, en el terreno la \u00fanica curva de nivel a replantear es la que pasa por el punto clave. Al realizar la siembra se sigue la l\u00ednea clave y el campo queda como se observa en la figura 4.<\/p>\n\n\n\n<p><strong>Figura 4.<\/strong> Cultivo en L\u00ednea clave<\/p>\n\n\n\n<div class=\"wp-block-image\"><figure class=\"aligncenter\"><img loading=\"lazy\" decoding=\"async\" width=\"514\" height=\"742\" src=\"http:\/\/www.lineaclave.org\/web\/wp-content\/uploads\/2016\/02\/grafico2.png\" alt=\"grafico2\" class=\"wp-image-1190\" srcset=\"https:\/\/www.lineaclave.org\/web\/wp-content\/uploads\/2016\/02\/grafico2.png 514w, https:\/\/www.lineaclave.org\/web\/wp-content\/uploads\/2016\/02\/grafico2-208x300.png 208w\" sizes=\"auto, (max-width: 514px) 100vw, 514px\" \/><\/figure><\/div>\n\n\n\n<p>Aguas arriba y abajo quedan rincones no trabajados, a\u00fan as\u00ed se cultivar\u00e1n lo que no alterar\u00e1 la efectividad de la l\u00ednea clave. \u00bfEntonces que suceder\u00e1 con el agua procedente de la precipitaci\u00f3n? Como los surcos son paralelos a la l\u00ednea clave, se apartan de las curvas de nivel, lo que significa que el agua que caiga va a fluir hacia el costado del valle en vez de seguir la pendiente. Esto se traduce en un <span style=\"text-decoration: underline;\"><em>incremento del tiempo de infiltraci\u00f3n del agua<\/em><\/span> en el suelo.<\/p>\n\n\n\n<p>Adem\u00e1s, hay que tener en cuenta que el elemento empleado para la \u00faltima labor es el arado yeomans, esto contribuye a desarrollar la fertilidad por absorci\u00f3n, como lo se\u00f1ala Yeomans, en vez de fertilidad por extracci\u00f3n o \u201cagricultura minera\u201d.<\/p>\n\n\n<p>[parallax-scroll id=\u00bb926&#8243;]<\/p>\n\n\n\n<blockquote class=\"wp-block-quote is-layout-flow wp-block-quote-is-layout-flow\"><p>&nbsp;&nbsp; Este sistema m\u00e1s que \u201ccultivo en contorno\u201d habr\u00eda que definirlo como \u201ccultivo fuera del contorno\u201d.<\/p><\/blockquote>\n\n\n\n<p><strong>L\u00ednea clave. Fertilidad por absorci\u00f3n de agua<\/strong><\/p>\n\n\n\n<p>El primer requisito es realizar un laboreo superficial, mezclando al m\u00e1ximo la vegetaci\u00f3n en los primeros cent\u00edmetros de tierra. Algo del subsuelo debe abrirse para absorber r\u00e1pidamente la humedad. El ox\u00edgeno y otros elementos vitales absorbidos contribuir\u00e1n a transformar el subsuelo en un suelo vivo.<\/p>\n\n\n\n<div class=\"wp-block-image\"><figure class=\"aligncenter\"><img loading=\"lazy\" decoding=\"async\" width=\"900\" height=\"1359\" src=\"http:\/\/www.lineaclave.org\/wordpress\/wp-content\/uploads\/2016\/02\/ProfundidadYeomans2.jpg\" alt=\"ProfundidadYeomans2\" class=\"wp-image-1189\" srcset=\"https:\/\/www.lineaclave.org\/web\/wp-content\/uploads\/2016\/02\/ProfundidadYeomans2.jpg 900w, https:\/\/www.lineaclave.org\/web\/wp-content\/uploads\/2016\/02\/ProfundidadYeomans2-199x300.jpg 199w, https:\/\/www.lineaclave.org\/web\/wp-content\/uploads\/2016\/02\/ProfundidadYeomans2-678x1024.jpg 678w\" sizes=\"auto, (max-width: 900px) 100vw, 900px\" \/><\/figure><\/div>\n\n\n\n<p>La capa inferior del suelo se abre con un disco pero no se invierte. El cultivo a mayor profundidad deja un fondo irregular y as\u00ed se logra que el suelo no se divida en una capa superficial separada de la m\u00e1s profunda mediante otra m\u00e1s compacta de tierra in\u00fatil.<\/p>\n\n\n\n<figure class=\"wp-block-embed is-type-video is-provider-youtube wp-block-embed-youtube wp-embed-aspect-4-3 wp-has-aspect-ratio\"><div class=\"wp-block-embed__wrapper\">\n<iframe loading=\"lazy\" width=\"1170\" height=\"878\" src=\"https:\/\/www.youtube.com\/embed\/X24gHKMntkg?feature=oembed\" frameborder=\"0\" allowfullscreen><\/iframe>\n<\/div><\/figure>\n\n\n\n<p>La superficie de este cultivo es m\u00e1s bien rugosa en vez de fina que evita la suela de labor o la impermeabilizaci\u00f3n y deja penetrar la lluvia en profundidad. Los materiales m\u00e1s finos de esta capa superficial se depositan debajo de la superficie rugosa. As\u00ed se reduce la velocidad superficial del viento y se aminora la p\u00e9rdida de humedad por evaporaci\u00f3n. Es de vital importancia determinar bien la profundidad en la que se va a trabajar en el primer a\u00f1o, que Yeomans llama de \u201cconversi\u00f3n\u201d, pues se pasa de una agricultura por extracci\u00f3n a una agricultura por \u201cfertilidad por absorci\u00f3n de agua\u201d.<\/p>\n\n\n\n<p>Las labores profundas en un suelo arcilloso compacto suponen una p\u00e9rdida de tiempo y dinero, que se impermeabilizar\u00e1 enseguida con la lluvia. Generalmente no tiene sentido cultivar a profundidad cuando no se puede obtener una mejora del suelo en forma definitiva.<\/p>\n\n\n\n<p>Una gu\u00eda general para aplicar ser\u00eda la de cultivar el primer a\u00f1o hasta unos 20 cm. y en tierra m\u00e1s pobre a unos 18 cm. Las l\u00edneas del cultivo en l\u00ednea clave no se pueden seguir por un arado de reja y vertedera o por un arado de discos, ni tampoco son estos elementos aptos para cultivar m\u00e1s profundamente y producen suela de labor. Ambos sirven para cultivar superficialmente bastante bien, mientras que los otros aperos tipo \u201crastrillo\u201d con franjas m\u00e1s espaciadas que los aperos usados, podr\u00edan completar un cultivo m\u00e1s profundo. Los arados de reja quit\u00e1ndoles la vertedera pueden ser \u00fatiles si se hace la \u00faltima labor m\u00e1s profunda con algunas cuchillas menos, como para separar m\u00e1s los surcos. Los escarificadores o cultivadores no sirven tanto por su dise\u00f1o como por la profundidad ya que no pasan los 10 cm. Se pueden usar los subsoladores pero el costo de su empleo no guarda relaci\u00f3n con los resultados. El arado cincel tipo chisel&nbsp; \u2018Graham plow\u201d puede servir.<\/p>\n\n\n\n<p><strong>A\u00f1o de conversi\u00f3n<\/strong><\/p>\n\n\n\n<p>Los surcos en el arado cincel quedan a 30 cm ya que lleva p\u00faas de 5 cm de ancho espaciados a esa distancia. Para trabajar bien, la velocidad de un tractor de una potencia adecuada ser\u00eda de unos 8 km\/hora, pero si hubiera restos de troncos y ra\u00edces como es frecuente en zonas desmontadas, habr\u00eda que reducirla a 5 km\/hora. En la primera etapa de trabajo se debe llegar a un profundidad de 7 a 11 cm. Hay que arar 3 \u00f3 4 surcos paralelos contorneando bien la zona de cultivo. Luego habr\u00e1 que arar una segunda vuelta en un \u00e1ngulo m\u00e1s amplio que la primera pero a m\u00e1s profundidad y a la misma velocidad.<\/p>\n\n\n\n<p>Es m\u00e1s econ\u00f3mico adaptar la profundidad a la velocidad y no regular la velocidad seg\u00fan la profundidad. Esta segunda labor a veces proporciona una buena ruptura de la superficie y la profundidad necesaria de 18 a 20 cm, si as\u00ed resulta en esta segunda vuelta habr\u00e1 que seguir la l\u00ednea clave. Si no habr\u00e1 que realizarla en una tercera labor.<\/p>\n\n\n\n<p>Si llueve intensamente y el suelo se \u201cplanchara\u201d, una vez seco, habr\u00eda que volver a pasar el arado cincel siguiendo la l\u00ednea clave. Si ya estuviera sembrado convendr\u00eda igualmente hacerlo pero separando los cinceles a 60 cm. Si bien se destruyen plantas el resultado es positivo, pues se logra una buena aireaci\u00f3n.<\/p>\n\n\n\n<p>La cantidad de humedad en un cultivo de conversi\u00f3n contin\u00faa su proceso de descomposici\u00f3n por m\u00e1s tiempo, evitando as\u00ed que quede el rastrojo como sucede con el arado de disco, que deja poca humedad. Conviene siempre seguir de cerca la evoluci\u00f3n del suelo removiendo con una pala y viendo el proceso. Incluso es posible oler el cambio despu\u00e9s de una lluvia. La fertilidad en la parte superior ser\u00e1 evidente y en la parte m\u00e1s profunda se nota tambi\u00e9n una transformaci\u00f3n.<\/p>\n\n\n\n<p>Al segundo a\u00f1o se trabajar\u00e1 a 2-5 cm m\u00e1s profundo. Esta capa de subsuelo ser\u00e1 convertida en suelo a\u00f1o tras a\u00f1o. Eso s\u00ed con una sola labor se podr\u00e1 alcanzar esta profundidad. Pero se agrega ahora unas cuchillas tipo pie de pato, pero m\u00e1s chicas a unos 7 cm de profundidad y tienen por objeto mezclar la vegetaci\u00f3n y la hojarasca para su descomposici\u00f3n y combatir las malezas. Se conserva la integridad del suelo al quedar el fondo surcado en forma irregular. Al principio se producir\u00e1 competencia de algunos elementos, como humedad, aire y nitr\u00f3geno. Una siembra inmediata a la conversi\u00f3n puede aparecer d\u00e9bil y amarillenta, debido a la falta de nitr\u00f3geno. Con la humedad adecuada, aire y calor, el nitr\u00f3geno ser\u00e1 fijado al cabo de pocas semanas. El cultivo se desarrollar\u00e1 de forma correcta.<\/p>\n\n\n\n<p>Se logra un aumento r\u00e1pido de la fertilidad y un campo sin competencia con la flora arvense al cultivar inmediatamente despu\u00e9s de cada cosecha y cada vez que la flora arvense fructifique como para ser eliminadas antes de que produzca semilla. Con el uso de p\u00faas y cuchillas para malezas, se expresa todo el banco de flora arvense; en cambio con el m\u00e9todo de revolver la tierra, esto no sucede.<\/p>\n\n\n\n<p>Algunos aperos para remover la tierra entierran algunas semillas en una capa seca evitando as\u00ed la germinaci\u00f3n antes de su posterior cultivo, produci\u00e9ndose as\u00ed un crecimiento continuo de malezas. (Otamendi, G, 2008)<\/p>\n\n\n\n<p>La pr\u00e1ctica habitual de incrementar la dosis de siembra, para evitar el crecimiento de malezas y poder ahogarlas, no permite obtener los mejores rendimientos. La siembra debe tratar de mantener lo logrado en el cultivo en l\u00ednea clave, por lo que habr\u00e1 que emplear una sembradora adaptada. En zonas m\u00e1s secas convendr\u00e1 trabajar con los cinceles distanciados a 70 cm para evitar p\u00e9rdidas de humedad. Las cuchillas para malezas trabajan en los a\u00f1os subsiguientes a 7 cm por debajo de la superficie. En 3 o 5 a\u00f1os se habr\u00e1 alcanzado el l\u00edmite de los 40 cm del arado cincel. Luego se podr\u00e1 en los siguientes a\u00f1os proceder a incrementar la fertilidad, reduciendo la profundidad del cincel a 23 cm y ajustando las cuchillas para malezas para trabajar m\u00e1s por debajo de la superficie (12-15 cm) y se volver\u00e1 a seguir profundizando los cinceles a raz\u00f3n de 2 a 7 cm por a\u00f1o.<\/p>\n","protected":false},"excerpt":{"rendered":"<p>El cultivo en L\u00ednea Clave El cambio clim\u00e1tico, la gesti\u00f3n del agua y de las zonas arboladas y la econom\u00eda en el campo constituyen cuatro de los grandes problemas medioambientales [&hellip;]<\/p>\n","protected":false},"author":1,"featured_media":1189,"parent":0,"menu_order":0,"comment_status":"closed","ping_status":"closed","template":"","meta":{"footnotes":""},"class_list":["post-594","page","type-page","status-publish","has-post-thumbnail","czr-hentry"],"_links":{"self":[{"href":"https:\/\/www.lineaclave.org\/web\/wp-json\/wp\/v2\/pages\/594","targetHints":{"allow":["GET"]}}],"collection":[{"href":"https:\/\/www.lineaclave.org\/web\/wp-json\/wp\/v2\/pages"}],"about":[{"href":"https:\/\/www.lineaclave.org\/web\/wp-json\/wp\/v2\/types\/page"}],"author":[{"embeddable":true,"href":"https:\/\/www.lineaclave.org\/web\/wp-json\/wp\/v2\/users\/1"}],"replies":[{"embeddable":true,"href":"https:\/\/www.lineaclave.org\/web\/wp-json\/wp\/v2\/comments?post=594"}],"version-history":[{"count":9,"href":"https:\/\/www.lineaclave.org\/web\/wp-json\/wp\/v2\/pages\/594\/revisions"}],"predecessor-version":[{"id":2680,"href":"https:\/\/www.lineaclave.org\/web\/wp-json\/wp\/v2\/pages\/594\/revisions\/2680"}],"wp:featuredmedia":[{"embeddable":true,"href":"https:\/\/www.lineaclave.org\/web\/wp-json\/wp\/v2\/media\/1189"}],"wp:attachment":[{"href":"https:\/\/www.lineaclave.org\/web\/wp-json\/wp\/v2\/media?parent=594"}],"curies":[{"name":"wp","href":"https:\/\/api.w.org\/{rel}","templated":true}]}}